{"id":137,"date":"2015-11-25T09:07:02","date_gmt":"2015-11-25T08:07:02","guid":{"rendered":"http:\/\/192.168.1.80\/wordpress\/?page_id=137"},"modified":"2024-09-19T17:00:17","modified_gmt":"2024-09-19T15:00:17","slug":"news-archive","status":"publish","type":"page","link":"https:\/\/www.transportfever2.com\/de\/home\/news-archive\/","title":{"rendered":"News Archiv"},"content":{"rendered":"<div id=\"pl-137\"  class=\"panel-layout\" ><div id=\"pg-137-0\"  class=\"panel-grid panel-no-style\" ><div id=\"pgc-137-0-0\"  class=\"panel-grid-cell\" ><div id=\"panel-137-0-0-0\" class=\"widget_text so-panel widget_custom_html panel-first-child\" data-index=\"0\" ><div class=\"textwidget custom-html-widget\"><style>\n\t#post-137 > div > header > h1.entry-title:nth-child(1) { display: none !important; }\n\t#panel-137-0-0-0 { margin-bottom: 0px !important;}\n<\/style><\/div><\/div><div id=\"panel-137-0-0-1\" class=\"so-panel widget_siteorigin-panels-postloop panel-last-child\" data-index=\"1\" >\n\t\t\n\t\t\n<article id=\"post-7044\" class=\"post-7044 post type-post status-publish format-standard has-post-thumbnail sticky hentry category-uncategorized post-with-thumbnail post-with-thumbnail-large\">\n\n\t\n\t<div class=\"entry-main\">\n\n\t\t\n\t\t<header class=\"entry-header\">\n\t\t\t\t\t\t\t<div class=\"entry-thumbnail\">\n\t\t\t\t\t<a href=\"https:\/\/www.transportfever2.com\/de\/modding-contest-winners\/\"><img loading=\"lazy\" decoding=\"async\" width=\"1080\" height=\"360\" src=\"https:\/\/www.transportfever2.com\/wp-content\/uploads\/2025\/04\/website_.jpg\" class=\"attachment-vantage-thumbnail-no-sidebar size-vantage-thumbnail-no-sidebar wp-post-image\" alt=\"\" srcset=\"https:\/\/www.transportfever2.com\/wp-content\/uploads\/2025\/04\/website_-330x116.jpg 480w, https:\/\/www.transportfever2.com\/wp-content\/uploads\/2025\/04\/website_.jpg 1080w\" sizes=\"auto, (max-width: 1080px) 100vw, 1080px\" \/><\/a>\n\t\t\t\t<\/div>\n\t\t\t\n\t\t\t<h1 class=\"entry-title\"><a href=\"https:\/\/www.transportfever2.com\/de\/modding-contest-winners\/\" title=\"Permalink zu Bekanntgabe der Gewinner des Modding-Wettbewerbs\" rel=\"bookmark\">Bekanntgabe der Gewinner des Modding-Wettbewerbs<\/a><\/h1>\n\n\t\t\t\t\t\t\t<div class=\"entry-meta\">\n\t\t\t\t\tVer\u00f6ffentlicht am <a href=\"https:\/\/www.transportfever2.com\/de\/modding-contest-winners\/\" title=\"12:05\" rel=\"bookmark\"><time class=\"entry-date\" datetime=\"2025-04-14T12:05:12+00:00\">Montag, der 14. April 2025<\/time><\/a><time class=\"updated\" datetime=\"2025-04-21T19:51:31+00:00\">Montag, der 21. April 2025<\/time> \ufeff<span class=\"byline\"> von <span class=\"author vcard\"><a class=\"url fn n\" href=\"https:\/\/www.transportfever2.com\/de\/author\/nicolas-heini\/\" title=\"Alle Beitr\u00e4ge von Nico anzeigen\" rel=\"author\">Nico<\/a><\/span><\/span> \t\t\t\t<\/div><!-- .entry-meta -->\n\t\t\t\n\t\t<\/header><!-- .entry-header -->\n\n\t\t\t\t\t<div class=\"entry-content\">\n\t\t\t\t<p>Die Ergebnisse stehen fest! Nach einem Monat intensiver und kreativer Arbeit ist der Modding-Wettbewerb 2025 offiziell beendet \u2013 und die Gewinner wurden ausgew\u00e4hlt. Unser Team wurde von der Qualit\u00e4t der eingereichten Beitr\u00e4ge regelrecht \u00fcberw\u00e4ltigt \u2013 und ihr werdet hoffentlich auch begeistert sein: Alle Mods stehen euch ab sofort zur Verf\u00fcgung. \u00d6ffnet dazu einfach den Mod-Browser im Spiel und erweitert eure Mod-Sammlung!<\/p>\r\n\r\n<p>Der Wettbewerb umfasste drei spannende Kategorien: Fahrzeuge, Geb\u00e4ude und Repaints (Lackierungen).<\/p>\r\n\r\n<p>Doch nun direkt zu den Gewinnern in jeder Kategorie:<\/p>  <figure class=\"wp-block-table is-style-regular price-table static-page\"><table class=\"has-fixed-layout\"><tbody><tr><td class=\"has-text-align-center\" data-align=\"center\"><strong>Fahrzeuge<\/strong><\/td><td class=\"has-text-align-center\" data-align=\"center\"><strong>Geb\u00e4ude<\/strong><\/td><td class=\"has-text-align-center\" data-align=\"center\"><strong>Repaints<\/strong><\/td><\/tr><tr><td class=\"has-text-align-center\" data-align=\"center\"><strong>GOLD <\/strong><p><a href=\"https:\/\/mod.io\/g\/transportfever2\/m\/renfe-242f-2000-confederation#description\">Renfe 242F-2009 Confederation<\/a> von Jorge-NB96<\/p><\/td><td class=\"has-text-align-center\" data-align=\"center\"><strong>GOLD<\/strong><p><a href=\"https:\/\/mod.io\/g\/transportfever2\/m\/container-port#description\">Containerhafen<\/a> von Maverick2002<\/p><\/td><td class=\"has-text-align-center\" data-align=\"center\"><strong>GOLD<\/strong><p><a href=\"https:\/\/mod.io\/g\/transportfever2\/m\/ford-model-77-bakery-delivery-truck#description\">Ford Model 77<\/a> von 97Hummer<\/p><\/td><\/tr><tr><td class=\"has-text-align-center\" data-align=\"center\"><strong>SILBER <\/strong><p><a href=\"https:\/\/mod.io\/g\/transportfever2\/m\/flirt-140-4530#description\">Stadler FLIRT 140\/453<\/a> von Rodrigozamoranofenoy<\/p><\/td><td class=\"has-text-align-center\" data-align=\"center\"><strong>SILBER <\/strong><p><a href=\"https:\/\/mod.io\/g\/transportfever2\/m\/ingos-observatory#description\">Observatorium<\/a> von Ingo<\/p><\/td><td class=\"has-text-align-center\" data-align=\"center\"><strong>SILBER <\/strong><p><a href=\"https:\/\/mod.io\/g\/transportfever2\/m\/twindexx-railjet#description\">TWINDEXX Railjet<\/a> von SpaceMonkey41<\/p><\/td><\/tr><tr><td class=\"has-text-align-center\" data-align=\"center\"><strong>BRONZE<\/strong><p><a href=\"https:\/\/mod.io\/g\/transportfever2\/m\/beechcraft-2000-starship#description\">Beechcraft 2000 Starship<\/a> von DH106<\/p><\/td><td class=\"has-text-align-center\" data-align=\"center\"><strong>BRONZE<\/strong><p><a href=\"https:\/\/mod.io\/g\/transportfever2\/m\/new-world-skyscraper#description\">New World Skyscraper<\/a> von Nordor<\/p><\/td><td class=\"has-text-align-center\" data-align=\"center\"><strong>BRONZE<\/strong><p><a href=\"https:\/\/mod.io\/g\/transportfever2\/m\/br-218-pull#description\">BR 218 PULL<\/a> von Chill_LP<\/p><\/td><\/tr><\/tbody><\/table><\/figure>  \r\n\r\n<p>F\u00fcr eine vollst\u00e4ndige \u00dcbersicht mit allen Gewinnern besucht bitte die <a href=\"https:\/\/www.transportfever2.com\/mod-contest-winner-overview\/\">Gewinner\u00fcbersicht<\/a>.<\/p> \r\n\r\n<p>Auch wenn Transport Fever 2 mittlerweile seit einigen Jahren erh\u00e4ltlich ist, zeigt dieser Wettbewerb eindrucksvoll, wie lebendig und innovativ die Modding-Community geblieben ist. Die Einreichungen beweisen eindrucksvoll, wie viel Herzblut und Kreativit\u00e4t in der Community steckt \u2013 wir hoffen, ihr habt beim Ausprobieren der neuen Mods ebenso viel Freude wie wir beim Ansehen der Ergebnisse.<\/p> <p>Diese Form von Kreativit\u00e4t erh\u00e4lt leider viel zu selten die Anerkennung, die sie verdient. Deshalb war es uns ein besonderes Anliegen, mit diesem Wettbewerb denjenigen Wertsch\u00e4tzung entgegenzubringen, die das Spiel mit viel Engagement und Leidenschaft f\u00fcr andere erweitern \u2013 und dabei beeindruckende Werke mit starkem Bezug zur realen Welt geschaffen haben. Und ja: Sie haben absolut abgeliefert!<\/p>\r\n\r\n<p>Ein herzliches Dankesch\u00f6n an euch alle \u2013 die grossartige Community von Transport Fever 2. Es war uns stets eine Freude.<\/p>\t\t\t\t\t\t\t<\/div><!-- .entry-content -->\n\t\t\n\t\t\n\t<\/div>\n\n<\/article><!-- #post-7044 -->\n\n\t\n\t\t\n<article id=\"post-6731\" class=\"post-6731 post type-post status-publish format-standard has-post-thumbnail sticky hentry category-uncategorized post-with-thumbnail post-with-thumbnail-large\">\n\n\t\n\t<div class=\"entry-main\">\n\n\t\t\n\t\t<header class=\"entry-header\">\n\t\t\t\t\t\t\t<div class=\"entry-thumbnail\">\n\t\t\t\t\t<a href=\"https:\/\/www.transportfever2.com\/de\/transport-fever-2-modding-contest\/\"><img loading=\"lazy\" decoding=\"async\" width=\"1080\" height=\"360\" src=\"https:\/\/www.transportfever2.com\/wp-content\/uploads\/2025\/03\/Mod-contest-1080x360-1.jpg\" class=\"attachment-vantage-thumbnail-no-sidebar size-vantage-thumbnail-no-sidebar wp-post-image\" alt=\"\" srcset=\"https:\/\/www.transportfever2.com\/wp-content\/uploads\/2025\/03\/Mod-contest-1080x360-1-330x116.jpg 480w, https:\/\/www.transportfever2.com\/wp-content\/uploads\/2025\/03\/Mod-contest-1080x360-1.jpg 1080w\" sizes=\"auto, (max-width: 1080px) 100vw, 1080px\" \/><\/a>\n\t\t\t\t<\/div>\n\t\t\t\n\t\t\t<h1 class=\"entry-title\"><a href=\"https:\/\/www.transportfever2.com\/de\/transport-fever-2-modding-contest\/\" title=\"Permalink zu Volle Kraft voraus in ein spannendes 2025\" rel=\"bookmark\">Volle Kraft voraus in ein spannendes 2025<\/a><\/h1>\n\n\t\t\t\t\t\t\t<div class=\"entry-meta\">\n\t\t\t\t\tVer\u00f6ffentlicht am <a href=\"https:\/\/www.transportfever2.com\/de\/transport-fever-2-modding-contest\/\" title=\"16:54\" rel=\"bookmark\"><time class=\"entry-date\" datetime=\"2025-03-03T16:54:25+00:00\">Montag, der  3. M\u00e4rz 2025<\/time><\/a><time class=\"updated\" datetime=\"2025-03-14T16:07:35+00:00\">Freitag, der 14. M\u00e4rz 2025<\/time> \ufeff<span class=\"byline\"> von <span class=\"author vcard\"><a class=\"url fn n\" href=\"https:\/\/www.transportfever2.com\/de\/author\/sam-bennett\/\" title=\"Alle Beitr\u00e4ge von Sam anzeigen\" rel=\"author\">Sam<\/a><\/span><\/span> \t\t\t\t<\/div><!-- .entry-meta -->\n\t\t\t\n\t\t<\/header><!-- .entry-header -->\n\n\t\t\t\t\t<div class=\"entry-content\">\n\t\t\t\t<p><\/p>\r\n<p data-start=\"46\" data-end=\"263\">Um ein grossartiges Jahr geb\u00fchrend einzul\u00e4uten, m\u00f6chten wir den Moment nutzen, um die talentierten Kreativen zu w\u00fcrdigen, die Transport Fever 2 immer wieder frisch und spannend halten \u2013 unsere fantastischen Modder.<\/p>\r\n<p data-start=\"265\" data-end=\"642\">Mods sind das Herzst\u00fcck von Transport Fever 2. Mit dem Wachstum deines Transport-Imperiums steigt auch der Bedarf an Vielfalt\u2013 und genau hier kommen Mods ins Spiel und heben das Game auf ein neues Level. Egal, ob man reale Strecken nachbaut, die profitabelsten Linien optimiert oder der Fantasie freien Lauf l\u00e4sst \u2013 Mods machen den Unterschied. Und daf\u00fcr lieben wir sie!<\/p>\r\n<p data-start=\"644\" data-end=\"1052\">Deshalb freuen wir uns riesig, den Transport Fever 2 Modding-Wettbewerb anzuk\u00fcndigen. Dies ist deine Chance, deine Kreativit\u00e4t unter Beweis zu stellen und um epische Preise in einem Gesamtwert von 4.500 $ zu gewinnen. Die Gewinner haben zudem die einmalige Gelegenheit, das B\u00fcro von Urban Games zu besuchen, unser Team kennenzulernen und einen exklusiven ersten Blick auf unser neues Projekt zu werfen.<\/p>\r\n<p data-start=\"1054\" data-end=\"1299\">Falls du bisher noch nie Mods f\u00fcr das Spiel erstellt hattest, es aber schon immer ausprobieren wolltest, ist jetzt der perfekte Zeitpunkt. Schau dir unsere <strong data-start=\"1200\" data-end=\"1281\"><a href=\"https:\/\/www.transportfever2.com\/wiki\/doku.php?id=modding\" target=\"_new\" rel=\"noopener\" data-start=\"1202\" data-end=\"1279\">Modding-Anleitung<\/a><\/strong> an und leg los!<\/p>\r\n<p data-start=\"1301\" data-end=\"1520\">Erfahre auf der <strong data-start=\"1424\" data-end=\"1517\"><a href=\"https:\/\/www.transportfever2.com\/modding-contest\" target=\"_new\" rel=\"noopener\" data-start=\"1426\" data-end=\"1515\">\u00dcbersichtsseite zum Modding-Wettbewerb<\/a><\/strong> mehr dar\u00fcber, wie du zu den Ersten geh\u00f6ren kannst, die hinter die Kulissen unseres Studios blicken d\u00fcrfen.\r\n<p data-start=\"1522\" data-end=\"1643\" data-is-last-node=\"\" data-is-only-node=\"\">Also, worauf wartest du noch? Jetzt ist die Zeit, kreativ zu werden, Mods zu erstellen und am Wettbewerb teilzunehmen \u2013 viel Erfolg!<\/p>\r\n<p data-start=\"1522\" data-end=\"1643\" data-is-last-node=\"\" data-is-only-node=\"\"><\/p>\r\n\r\n\r\n<p><\/p>\r\n\t\t\t\t\t\t\t<\/div><!-- .entry-content -->\n\t\t\n\t\t\n\t<\/div>\n\n<\/article><!-- #post-6731 -->\n\n\t\n\t\t\n<article id=\"post-7189\" class=\"post-7189 post type-post status-publish format-standard has-post-thumbnail hentry category-uncategorized post-with-thumbnail post-with-thumbnail-large\">\n\n\t\n\t<div class=\"entry-main\">\n\n\t\t\n\t\t<header class=\"entry-header\">\n\t\t\t\t\t\t\t<div class=\"entry-thumbnail\">\n\t\t\t\t\t<a href=\"https:\/\/www.transportfever2.com\/de\/7189-2\/\"><img loading=\"lazy\" decoding=\"async\" width=\"1080\" height=\"360\" src=\"https:\/\/www.transportfever2.com\/wp-content\/uploads\/2025\/05\/20200928_tf3_announcement.jpg\" class=\"attachment-vantage-thumbnail-no-sidebar size-vantage-thumbnail-no-sidebar wp-post-image\" alt=\"\" srcset=\"https:\/\/www.transportfever2.com\/wp-content\/uploads\/2025\/05\/20200928_tf3_announcement-330x116.jpg 480w, https:\/\/www.transportfever2.com\/wp-content\/uploads\/2025\/05\/20200928_tf3_announcement.jpg 1080w\" sizes=\"auto, (max-width: 1080px) 100vw, 1080px\" \/><\/a>\n\t\t\t\t<\/div>\n\t\t\t\n\t\t\t<h1 class=\"entry-title\"><a href=\"https:\/\/www.transportfever2.com\/de\/7189-2\/\" title=\"Permalink zu Transport Fever 3 kommt!\" rel=\"bookmark\">Transport Fever 3 kommt!<\/a><\/h1>\n\n\t\t\t\t\t\t\t<div class=\"entry-meta\">\n\t\t\t\t\tVer\u00f6ffentlicht am <a href=\"https:\/\/www.transportfever2.com\/de\/7189-2\/\" title=\"11:53\" rel=\"bookmark\"><time class=\"entry-date\" datetime=\"2025-05-19T11:53:24+00:00\">Montag, der 19. Mai 2025<\/time><\/a><time class=\"updated\" datetime=\"2025-05-21T20:28:29+00:00\">Mittwoch, der 21. Mai 2025<\/time> \ufeff<span class=\"byline\"> von <span class=\"author vcard\"><a class=\"url fn n\" href=\"https:\/\/www.transportfever2.com\/de\/author\/ugadmin\/\" title=\"Alle Beitr\u00e4ge von Urban Games Admin anzeigen\" rel=\"author\">Urban Games Admin<\/a><\/span><\/span> \t\t\t\t<\/div><!-- .entry-meta -->\n\t\t\t\n\t\t<\/header><!-- .entry-header -->\n\n\t\t\t\t\t<div class=\"entry-content\">\n\t\t\t\t<p>Und wir k\u00f6nnen es kaum erwarten.<\/p>\n<p>Nach f\u00fcnf Jahren voller Leidenschaft, harter Arbeit und unz\u00e4hliger verwirklichter Ideen freuen wir uns riesig, endlich verk\u00fcnden zu k\u00f6nnen: Transport Fever 3 ist in Entwicklung und erscheint 2026 f\u00fcr PC, PlayStation 5 und Xbox Series X|S.<\/p>\n<p><iframe loading=\"lazy\" title=\"Transport Fever 3 - Cinematic Announcement Trailer\" width=\"720\" height=\"405\" src=\"https:\/\/www.youtube.com\/embed\/HcI60a6PbdI?feature=oembed\" frameborder=\"0\" allow=\"accelerometer; autoplay; clipboard-write; encrypted-media; gyroscope; picture-in-picture; web-share\" referrerpolicy=\"strict-origin-when-cross-origin\" allowfullscreen><\/iframe><\/p>\n<p>Transport Fever 3 ist der n\u00e4chste grosse Schritt auf einer Reise, die wir seit \u00fcber zehn Jahren gemeinsam mit euch gehen. Wir haben alles weiterentwickelt, was die Serie ausmacht \u2013 erweitert, verfeinert und die Welt lebendiger und tiefgr\u00fcndiger gestaltet als jemals zuvor.<\/p>\n<p>Es ist unser bislang gr\u00f6sstes, dynamischstes und ambitioniertestes Spiel \u2013 und dennoch bleibt es unverkennbar im Kern Transport Fever.<\/p>\n<p>Wir k\u00f6nnen es kaum erwarten, euch mehr zu zeigen! In den kommenden Wochen und Monaten werden wir nach und nach enth\u00fcllen, was neu ist, was sich ver\u00e4ndert hat \u2013 und was euch erwartet, wenn ihr das Abenteuer Transport Fever 3 selbst starten werdet.<\/p>\n<p>Wenn ihr jetzt schon wisst, dass ihr dabei sein wollt, k\u00f6nnt ihr das Spiel direkt auf eure Wishlist setzen.<br \/>\nUnd wenn ihr neugierig seid, versprechen wir euch: Weitere Infos lassen nicht lange auf sich warten.<\/p>\n<p>Besuche unbedingt auch unsere neue <a href=\"https:\/\/transportfever3.com\">Transport Fever 3 Webseite<\/a> f\u00fcr mehr Informationen.<\/p>\n<p>Wir freuen uns auf dieses neue Kapitel \u2013 und ihr k\u00f6nnt von Anfang an dabei sein!<\/p>\n<p>Meldet euch jetzt zur kommenden Closed Beta an und helft uns dabei, Transport Fever 3 zum besten Teil der Serie zu machen. Ganz gleich, ob ihr Gelegenheitsspieler seid oder schon tausende Stunden in Transport Fever investiert habt \u2013 alle sind willkommen!<\/p>\n<p>Jetzt <a href=\"https:\/\/www.surveymonkey.com\/r\/TF3BetaSignup\">hier<\/a> anmelden!<\/p>\n<p>Urban Games<br \/>\nMai 2025<\/p>\n\t\t\t\t\t\t\t<\/div><!-- .entry-content -->\n\t\t\n\t\t\n\t<\/div>\n\n<\/article><!-- #post-7189 -->\n\n\t\n\t\t\n<article id=\"post-6638\" class=\"post-6638 post type-post status-publish format-standard has-post-thumbnail hentry category-uncategorized post-with-thumbnail post-with-thumbnail-large\">\n\n\t\n\t<div class=\"entry-main\">\n\n\t\t\n\t\t<header class=\"entry-header\">\n\t\t\t\t\t\t\t<div class=\"entry-thumbnail\">\n\t\t\t\t\t<a href=\"https:\/\/www.transportfever2.com\/de\/happy-holidays-from-the-transport-fever-2-family-4\/\"><img loading=\"lazy\" decoding=\"async\" width=\"1080\" height=\"360\" src=\"https:\/\/www.transportfever2.com\/wp-content\/uploads\/2024\/12\/20241223_holyday_greetings_1080x360.jpg\" class=\"attachment-vantage-thumbnail-no-sidebar size-vantage-thumbnail-no-sidebar wp-post-image\" alt=\"\" srcset=\"https:\/\/www.transportfever2.com\/wp-content\/uploads\/2024\/12\/20241223_holyday_greetings_1080x360-330x116.jpg 480w, https:\/\/www.transportfever2.com\/wp-content\/uploads\/2024\/12\/20241223_holyday_greetings_1080x360.jpg 1080w\" sizes=\"auto, (max-width: 1080px) 100vw, 1080px\" \/><\/a>\n\t\t\t\t<\/div>\n\t\t\t\n\t\t\t<h1 class=\"entry-title\"><a href=\"https:\/\/www.transportfever2.com\/de\/happy-holidays-from-the-transport-fever-2-family-4\/\" title=\"Permalink zu Frohe Festtage w\u00fcnscht die Transport Fever 2 Familie\" rel=\"bookmark\">Frohe Festtage w\u00fcnscht die Transport Fever 2 Familie<\/a><\/h1>\n\n\t\t\t\t\t\t\t<div class=\"entry-meta\">\n\t\t\t\t\tVer\u00f6ffentlicht am <a href=\"https:\/\/www.transportfever2.com\/de\/happy-holidays-from-the-transport-fever-2-family-4\/\" title=\"15:52\" rel=\"bookmark\"><time class=\"entry-date\" datetime=\"2024-12-19T15:52:35+00:00\">Donnerstag, der 19. Dezember 2024<\/time><\/a><time class=\"updated\" datetime=\"2024-12-20T13:54:52+00:00\">Freitag, der 20. Dezember 2024<\/time> \ufeff<span class=\"byline\"> von <span class=\"author vcard\"><a class=\"url fn n\" href=\"https:\/\/www.transportfever2.com\/de\/author\/nicolas-heini\/\" title=\"Alle Beitr\u00e4ge von Nico anzeigen\" rel=\"author\">Nico<\/a><\/span><\/span> \t\t\t\t<\/div><!-- .entry-meta -->\n\t\t\t\n\t\t<\/header><!-- .entry-header -->\n\n\t\t\t\t\t<div class=\"entry-content\">\n\t\t\t\t<p>Was f\u00fcr ein unglaubliches 2024! Die Einf\u00fchrung der mit Spannung erwarteten plattform\u00fcbergreifenden Mod-Unterst\u00fctzung mit dem diesj\u00e4hrigen Herbst-Update hat die Community n\u00e4her zusammengebracht als je zuvor. Ausserdem konnten wir die h\u00f6chste Anzahl gleichzeitiger Spieler seit den Tagen nach der Ver\u00f6ffentlichung vor f\u00fcnf Jahren erreichen. Eure anhaltende Unterst\u00fctzung f\u00fcr Transport Fever 2 nach all dieser Zeit zu sehen, erf\u00fcllt uns mit grosser Freude.<\/p>\n<p>Um euch f\u00fcr dieses Jahr zu danken, haben wir etwas ganz Besonderes organisiert- etwas, das wir so zuvor noch nie zuvor gemacht haben. Wie auf dem Bild oben zu sehen ist, hat unser talentiertes Art-Team den wundersch\u00f6nen \u201eHoliday-Train&#8220; kreiert, der jetzt als kostenloser Download exklusiv auf <a href=\"https:\/\/mod.io\/g\/transportfever2\/m\/ug-holiday-train\">mod.io<\/a> f\u00fcr PC und alle Current-Gen-Konsolen verf\u00fcgbar ist.<\/p>\n<p>Aber das ist noch nicht alles: In eurer Spiele-Bibliothek wartet ausserdem eine kleine \u00dcberraschung auf euch &#8211; ein brandneuer Wartungspatch f\u00fcr Transport Fever 2, der die am h\u00e4ufigsten gemeldeten Probleme der letzten Monate behebt (die Konsolenversion verz\u00f6gert sich leicht aufgrund der Feiertage bei den Konsolenherstellern).<\/p>\n<p>Und wartet&#8230; etwas haben wir noch! Erinnert ihr euch an die grossartige Neuigkeit, die wir in unserem letzten Beitrag angedeutet haben? Wir k\u00f6nnen euch zwar noch kein genaues Datum nennen, aber wir k\u00f6nnen euch Folgendes sagen: Der Tag der grossen Ank\u00fcndigung liegt n\u00e4her an diesem Feiertagspost als an dem Feiertagspost des kommenden Jahres 2025&#8230;<\/p>\n<p>Wir von Urban Games w\u00fcnschen Euch eine besinnliche Zeit im Kreise Eurer Liebsten und freuen uns mit Euch gemeinsam auf ein spannendes und unvergessliches 2025.<\/p>\n<p>Festliche Gr\u00fcsse aus Schaffhausen<\/p>\n<p>Das Team von Urban Games<\/p>\n\t\t\t\t\t\t\t<\/div><!-- .entry-content -->\n\t\t\n\t\t\n\t<\/div>\n\n<\/article><!-- #post-6638 -->\n\n\t\n\t\t\n<article id=\"post-6551\" class=\"post-6551 post type-post status-publish format-standard has-post-thumbnail hentry category-uncategorized post-with-thumbnail post-with-thumbnail-large\">\n\n\t\n\t<div class=\"entry-main\">\n\n\t\t\n\t\t<header class=\"entry-header\">\n\t\t\t\t\t\t\t<div class=\"entry-thumbnail\">\n\t\t\t\t\t<a href=\"https:\/\/www.transportfever2.com\/de\/autumn-update-officially-released\/\"><img loading=\"lazy\" decoding=\"async\" width=\"1080\" height=\"360\" src=\"https:\/\/www.transportfever2.com\/wp-content\/uploads\/2024\/09\/20240919_autumn_update_video_1080x360_V3.png\" class=\"attachment-vantage-thumbnail-no-sidebar size-vantage-thumbnail-no-sidebar wp-post-image\" alt=\"\" srcset=\"https:\/\/www.transportfever2.com\/wp-content\/uploads\/2024\/09\/20240919_autumn_update_video_1080x360_V3-330x116.png 480w, https:\/\/www.transportfever2.com\/wp-content\/uploads\/2024\/09\/20240919_autumn_update_video_1080x360_V3.png 1080w\" sizes=\"auto, (max-width: 1080px) 100vw, 1080px\" \/><\/a>\n\t\t\t\t<\/div>\n\t\t\t\n\t\t\t<h1 class=\"entry-title\"><a href=\"https:\/\/www.transportfever2.com\/de\/autumn-update-officially-released\/\" title=\"Permalink zu Herbst-Update offiziell ver\u00f6ffentlicht\" rel=\"bookmark\">Herbst-Update offiziell ver\u00f6ffentlicht<\/a><\/h1>\n\n\t\t\t\t\t\t\t<div class=\"entry-meta\">\n\t\t\t\t\tVer\u00f6ffentlicht am <a href=\"https:\/\/www.transportfever2.com\/de\/autumn-update-officially-released\/\" title=\"10:40\" rel=\"bookmark\"><time class=\"entry-date\" datetime=\"2024-09-23T10:40:37+00:00\">Montag, der 23. September 2024<\/time><\/a><time class=\"updated\" datetime=\"2024-09-24T13:59:07+00:00\">Dienstag, der 24. September 2024<\/time> \ufeff<span class=\"byline\"> von <span class=\"author vcard\"><a class=\"url fn n\" href=\"https:\/\/www.transportfever2.com\/de\/author\/marlon-stadler\/\" title=\"Alle Beitr\u00e4ge von Marlon anzeigen\" rel=\"author\">Marlon<\/a><\/span><\/span> \t\t\t\t<\/div><!-- .entry-meta -->\n\t\t\t\n\t\t<\/header><!-- .entry-header -->\n\n\t\t\t\t\t<div class=\"entry-content\">\n\t\t\t\t<div class=\"static-page\">\n<p>Wir freuen uns sehr, heute das letzte grosse Spiel-Update f\u00fcr Transport Fever 2 zu ver\u00f6ffentlichen.<\/p>\n<p><iframe loading=\"lazy\" title=\"Transport Fever 2 - Autumn Update Video\" width=\"720\" height=\"405\" src=\"https:\/\/www.youtube.com\/embed\/jc5vN2iWd-c?feature=oembed\" frameborder=\"0\" allow=\"accelerometer; autoplay; clipboard-write; encrypted-media; gyroscope; picture-in-picture; web-share\" referrerpolicy=\"strict-origin-when-cross-origin\" allowfullscreen><\/iframe><\/p>\n<p>Das Herbst-Update von Transport Fever 2 bringt euch als Community durch die plattform\u00fcbergreifende Mod-Unterst\u00fctzung zusammen wie nie zuvor.<\/p>\n<p>Dar\u00fcber hinaus haben wir neue wichtige Funktionen und Verbesserungen im Spiel hinzugef\u00fcgt:<\/p>\n<ul>\n<li>Ein in-game Modbrowser<\/li>\n<li>Eine verbesserte Verkehrssimulation<\/li>\n<li>Verbesserte Bauwerkzeuge mit Hilfslinien und Tooltips<\/li>\n<li>Automatische Anpassung von Strassendepots und H\u00e4fen an Strassen und K\u00fcstenlinien<\/li>\n<li>Dreiwegweichen<\/li>\n<li>Ersetzen von Br\u00fccken und Tunnels mit nur einem Klick<\/li>\n<li>Strassen k\u00f6nnen nun einfacher parallel nebeneinander gebaut werden<\/li>\n<li>&#8230;und vieles mehr!<\/li>\n<\/ul>\n<p>Um diesen Meilenstein zu feiern, haben wir ein offizielles Video zum Herbst-Update erstellt, das all die neuen f\u00fcr die Spieler verf\u00fcgbaren Inhalte aufzeigt. Dabei stehen der in-game Modbrowser und die Gameplay-Verbesserungen im Mittelpunkt.<\/p>\n<p>Die vollst\u00e4ndigen Release-Notes sind <a href=\"https:\/\/www.transportfever2.com\/wiki\/doku.php?id=releasenotes\">hier<\/a> verf\u00fcgbar.<\/p>\n<p>Nach f\u00fcnf Jahren kontinuierlicher Entwicklung stellt das Herbst-Update das letzte grosse Inhalts-Update f\u00fcr Transport Fever 2 dar. Wir danken euch f\u00fcr euren jahrelangen Support, der uns \u00fcberhaupt erst so weit gebracht hat. Ohne eure Leidenschaft und Unterst\u00fctzung h\u00e4tten wir das alles nie geschafft.&nbsp;<\/p>\n<p>Wir senden die allerbesten Gr\u00fcsse vom gesamten Urban Games Team und bedanken uns f\u00fcrs grosse Interesse an Transport Fever 2!\n<\/p><\/div>\n\t\t\t\t\t\t\t<\/div><!-- .entry-content -->\n\t\t\n\t\t\n\t<\/div>\n\n<\/article><!-- #post-6551 -->\n\n\t\n\t\t<nav role=\"navigation\" id=\"nav-below\" class=\"site-navigation paging-navigation\">\n\t\t<h1 class=\"assistive-text\">Beitragsnavigation<\/h1>\n\n\t\n\t\t<div class='pagination'><span aria-current=\"page\" class=\"page-numbers current\">1<\/span>\n<a class=\"page-numbers\" href=\"https:\/\/www.transportfever2.com\/de\/wp-json\/wp\/v2\/pages\/137\/page\/2\/\">2<\/a>\n<a class=\"page-numbers\" href=\"https:\/\/www.transportfever2.com\/de\/wp-json\/wp\/v2\/pages\/137\/page\/3\/\">3<\/a>\n<a class=\"page-numbers\" href=\"https:\/\/www.transportfever2.com\/de\/wp-json\/wp\/v2\/pages\/137\/page\/4\/\">4<\/a>\n<a class=\"page-numbers\" href=\"https:\/\/www.transportfever2.com\/de\/wp-json\/wp\/v2\/pages\/137\/page\/5\/\">5<\/a>\n<a class=\"page-numbers\" href=\"https:\/\/www.transportfever2.com\/de\/wp-json\/wp\/v2\/pages\/137\/page\/6\/\">6<\/a>\n<span class=\"page-numbers dots\">&hellip;<\/span>\n<a class=\"page-numbers\" href=\"https:\/\/www.transportfever2.com\/de\/wp-json\/wp\/v2\/pages\/137\/page\/12\/\">12<\/a>\n<a class=\"next page-numbers\" href=\"https:\/\/www.transportfever2.com\/de\/wp-json\/wp\/v2\/pages\/137\/page\/2\/\">Weiter &raquo;<\/a><\/div>\n\n\t\n\t<\/nav><!-- #nav-below -->\n\t\n<\/div><\/div><\/div><\/div>","protected":false},"excerpt":{"rendered":"","protected":false},"author":16,"featured_media":0,"parent":16,"menu_order":0,"comment_status":"closed","ping_status":"closed","template":"","meta":{"ngg_post_thumbnail":0,"footnotes":""},"class_list":["post-137","page","type-page","status-publish","hentry","post","post-with-thumbnail","post-with-thumbnail-large"],"_links":{"self":[{"href":"https:\/\/www.transportfever2.com\/de\/wp-json\/wp\/v2\/pages\/137","targetHints":{"allow":["GET"]}}],"collection":[{"href":"https:\/\/www.transportfever2.com\/de\/wp-json\/wp\/v2\/pages"}],"about":[{"href":"https:\/\/www.transportfever2.com\/de\/wp-json\/wp\/v2\/types\/page"}],"author":[{"embeddable":true,"href":"https:\/\/www.transportfever2.com\/de\/wp-json\/wp\/v2\/users\/16"}],"replies":[{"embeddable":true,"href":"https:\/\/www.transportfever2.com\/de\/wp-json\/wp\/v2\/comments?post=137"}],"version-history":[{"count":0,"href":"https:\/\/www.transportfever2.com\/de\/wp-json\/wp\/v2\/pages\/137\/revisions"}],"up":[{"embeddable":true,"href":"https:\/\/www.transportfever2.com\/de\/wp-json\/wp\/v2\/pages\/16"}],"wp:attachment":[{"href":"https:\/\/www.transportfever2.com\/de\/wp-json\/wp\/v2\/media?parent=137"}],"curies":[{"name":"wp","href":"https:\/\/api.w.org\/{rel}","templated":true}]}}