{"id":141,"date":"2015-11-25T09:07:17","date_gmt":"2015-11-25T09:07:17","guid":{"rendered":"http:\/\/192.168.1.80\/wordpress\/?page_id=141"},"modified":"2023-01-19T17:09:16","modified_gmt":"2023-01-19T16:09:16","slug":"features","status":"publish","type":"page","link":"https:\/\/www.transportfever2.com\/de\/game-info\/features\/","title":{"rendered":"Features"},"content":{"rendered":"<p><\/p>\n<div class=\"static-page\">\n<h3>Erschliesse die Welt<\/h3>\n<p>Eine riesige Spielwelt wartet darauf, mit Eisenbahn, Strassenfahrzeugen, Flugzeugen und Schiffen erschlossen zu werden. Interaktive Gleisbauwerkzeuge und ein modulares Konstruktionssystem f\u00fcr Stationen erm\u00f6glichen ein intuitives Bauen. Dank einer Vielzahl von Konfigurationsm\u00f6glichkeiten stellt jedes freie Spiel eine neue Herausforderung dar, wobei ganz unterschiedliche Strategien zum Erfolg f\u00fchren k\u00f6nnen.<\/p>\n<h3>Schreibe Transportgeschichte<\/h3>\n<p>Drei historische Kampagnen, die in unterschiedlichen Zeitepochen angesiedelt sind und auf jeweils drei Kontinenten spielen, warten mit kniffligen Aufgaben auf. Nur Transportprofis werden es schaffen, alle Missionen vollst\u00e4ndig zu l\u00f6sen. Voice-Over und Cut-Scenes bereichern die Geschichte und tragen zu einem packenden Spielerlebnis bei. Auch das freie Spiel ist herausfordernd: Nicht nur wirtschaftlichen Erfolg gilt es zu erreichen, sondern auch eine Vielzahl an unterschiedlichen Errungenschaften.<\/p>\n<h3>Optimiere die Infrastruktur<\/h3>\n<p>Es gilt, das eigene Unternehmen st\u00e4ndig an die Bed\u00fcrfnisse von Wirtschaft und St\u00e4dten anzupassen. Br\u00fccken, Tunnels, Weichen, Gleissignale, Einbahnstrassen, Lichtsignale und Busspuren sind nur einige der M\u00f6glichkeiten zur Optimierung der Transportinfrastruktur. Bahnh\u00f6fe oder Flugh\u00e4fen lassen sich durch Module erweitern, um so den jeweiligen Erfordernissen gerecht zu werden. Verschiedene Daten-Layer zeigen Verkehrsaufkommen oder Emissionen an und geben Auskunft \u00fcber weiteres Verbesserungspotenzial.<\/p>\n<h3>Lass der Kreativit\u00e4t freien Lauf<\/h3>\n<p>Dank der detaillierten Spielwelt l\u00e4sst sich die ganz pers\u00f6nliche virtuelle Modelleisenbahn-Landschaft verwirklichen. Der Karteneditor bietet die M\u00f6glichkeit, unz\u00e4hlige unterschiedliche Welten zu erschaffen. Das Terrain im Spiel kann angepasst und bemalt werden. Und dank der umfangreichen Modding-Unterst\u00fctzung (Windows\/Linux\/Mac) entstehen fortlaufend neue Kreationen, die \u00fcber den Steam Workshop umsonst erh\u00e4ltlich sind und problemlos ins Spiel integriert werden k\u00f6nnen.<\/p>\n<\/div>\n<p><\/p>","protected":false},"excerpt":{"rendered":"<p>Erschliesse die Welt Eine riesige Spielwelt wartet darauf, mit Eisenbahn, Strassenfahrzeugen, Flugzeugen und Schiffen erschlossen zu werden. Interaktive Gleisbauwerkzeuge und ein modulares Konstruktionssystem f\u00fcr Stationen erm\u00f6glichen ein intuitives Bauen. Dank einer Vielzahl von Konfigurationsm\u00f6glichkeiten stellt jedes freie Spiel eine neue Herausforderung dar, wobei ganz unterschiedliche Strategien zum Erfolg f\u00fchren k\u00f6nnen. Schreibe Transportgeschichte Drei historische Kampagnen, [&hellip;]<\/p>\n","protected":false},"author":16,"featured_media":4830,"parent":2,"menu_order":0,"comment_status":"closed","ping_status":"closed","template":"","meta":{"ngg_post_thumbnail":0,"footnotes":""},"class_list":["post-141","page","type-page","status-publish","has-post-thumbnail","hentry","post","post-with-thumbnail","post-with-thumbnail-large"],"_links":{"self":[{"href":"https:\/\/www.transportfever2.com\/de\/wp-json\/wp\/v2\/pages\/141","targetHints":{"allow":["GET"]}}],"collection":[{"href":"https:\/\/www.transportfever2.com\/de\/wp-json\/wp\/v2\/pages"}],"about":[{"href":"https:\/\/www.transportfever2.com\/de\/wp-json\/wp\/v2\/types\/page"}],"author":[{"embeddable":true,"href":"https:\/\/www.transportfever2.com\/de\/wp-json\/wp\/v2\/users\/16"}],"replies":[{"embeddable":true,"href":"https:\/\/www.transportfever2.com\/de\/wp-json\/wp\/v2\/comments?post=141"}],"version-history":[{"count":0,"href":"https:\/\/www.transportfever2.com\/de\/wp-json\/wp\/v2\/pages\/141\/revisions"}],"up":[{"embeddable":true,"href":"https:\/\/www.transportfever2.com\/de\/wp-json\/wp\/v2\/pages\/2"}],"wp:featuredmedia":[{"embeddable":true,"href":"https:\/\/www.transportfever2.com\/de\/wp-json\/wp\/v2\/media\/4830"}],"wp:attachment":[{"href":"https:\/\/www.transportfever2.com\/de\/wp-json\/wp\/v2\/media?parent=141"}],"curies":[{"name":"wp","href":"https:\/\/api.w.org\/{rel}","templated":true}]}}