{"id":16,"date":"2015-11-13T10:08:46","date_gmt":"2015-11-13T09:08:46","guid":{"rendered":"http:\/\/192.168.1.80\/wordpress\/?page_id=16"},"modified":"2025-03-06T14:59:20","modified_gmt":"2025-03-06T13:59:20","slug":"home","status":"publish","type":"page","link":"https:\/\/www.transportfever2.com\/de\/","title":{"rendered":"Home"},"content":{"rendered":"<div id=\"pl-16\"  class=\"panel-layout\" ><div id=\"pg-16-0\"  class=\"panel-grid panel-no-style\" ><div id=\"pgc-16-0-0\"  class=\"panel-grid-cell\" ><div id=\"panel-16-0-0-0\" class=\"so-panel widget_headline-widget panel-first-child\" data-index=\"0\" >\t\t<h1><a href = \"game-info\/news\/\">Aktuelles<\/a><\/h1>\n\t\t<div class=\"decoration\"><div class=\"decoration-inside\"><\/div><\/div>\n\t\t<h3><\/h3>\n\t\t<\/div><div id=\"panel-16-0-0-1\" class=\"so-panel widget_rpwe_widget rpwe_widget recent-posts-extended panel-last-child\" data-index=\"1\" ><div  class=\"rpwe-block\"><ul class=\"rpwe-ul\"><li class=\"rpwe-li rpwe-clearfix\"><a class=\"rpwe-img\" href=\"https:\/\/www.transportfever2.com\/de\/7189-2\/\" target=\"_self\"><img loading=\"lazy\" decoding=\"async\" width=\"1080\" height=\"360\" src=\"https:\/\/www.transportfever2.com\/wp-content\/uploads\/2025\/05\/20200928_tf3_announcement.jpg\" class=\"rpwe-aligncenter rpwe-thumb the-post-thumbnail wp-post-image\" alt=\"Transport Fever 3 kommt!\" srcset=\"https:\/\/www.transportfever2.com\/wp-content\/uploads\/2025\/05\/20200928_tf3_announcement.jpg 1080w, https:\/\/www.transportfever2.com\/wp-content\/uploads\/2025\/05\/20200928_tf3_announcement-300x100.jpg 300w, https:\/\/www.transportfever2.com\/wp-content\/uploads\/2025\/05\/20200928_tf3_announcement-1024x341.jpg 1024w, https:\/\/www.transportfever2.com\/wp-content\/uploads\/2025\/05\/20200928_tf3_announcement-768x256.jpg 768w\" sizes=\"auto, (max-width: 1080px) 100vw, 1080px\" \/><\/a><h3 class=\"rpwe-title\"><a href=\"https:\/\/www.transportfever2.com\/de\/7189-2\/\" target=\"_self\">Transport Fever 3 kommt!<\/a><\/h3><time class=\"rpwe-time published\" datetime=\"2025-05-19T11:53:24+00:00\">Montag, der 19. Mai 2025<\/time><a class=\"rpwe-comment comment-count\" href=\"https:\/\/www.transportfever2.com\/de\/7189-2\/#comments\">52<\/a><div class=\"rpwe-summary\">Und wir k\u00f6nnen es kaum erwarten. Nach f\u00fcnf Jahren voller Leidenschaft, harter Arbeit und unz\u00e4hliger verwirklichter Ideen freuen wir uns riesig, endlich verk\u00fcnden zu k\u00f6nnen: Transport Fever 3 ist in Entwicklung und erscheint 2026 f\u00fcr PC, PlayStation 5 und Xbox Series X|S. Transport Fever 3 ist der n\u00e4chste grosse Schritt auf einer Reise, die wir &hellip;<a href=\"https:\/\/www.transportfever2.com\/de\/7189-2\/\" class=\"more-link\">Read More \u00bb<\/a><\/div><\/li><\/ul><\/div><!-- Generated by http:\/\/wordpress.org\/plugins\/recent-posts-widget-extended\/ --><\/div><\/div><\/div><div id=\"pg-16-1\"  class=\"panel-grid panel-no-style\" ><div id=\"pgc-16-1-0\"  class=\"panel-grid-cell\" ><div id=\"panel-16-1-0-0\" class=\"so-panel widget_rpwe_widget rpwe_widget recent-posts-extended panel-first-child panel-last-child\" data-index=\"2\" ><div  class=\"rpwe-block\"><ul class=\"rpwe-ul\"><li class=\"rpwe-li rpwe-clearfix\"><a class=\"rpwe-img\" href=\"https:\/\/www.transportfever2.com\/de\/transport-fever-2-modding-contest\/\" target=\"_self\"><img class=\"rpwe-alignleft rpwe-thumb\" src=\"https:\/\/www.transportfever2.com\/wp-content\/uploads\/2025\/03\/Mod-contest-1080x360-1-640x213.jpg\" alt=\"Volle Kraft voraus in ein spannendes 2025\" height=\"213\" width=\"640\" loading=\"lazy\" decoding=\"async\"><\/a><h3 class=\"rpwe-title\"><a href=\"https:\/\/www.transportfever2.com\/de\/transport-fever-2-modding-contest\/\" target=\"_self\">Volle Kraft voraus in ein spannendes 2025<\/a><\/h3><time class=\"rpwe-time published\" datetime=\"2025-03-03T16:54:25+00:00\">Montag, der  3. M\u00e4rz 2025<\/time><a class=\"rpwe-comment comment-count\" href=\"https:\/\/www.transportfever2.com\/de\/transport-fever-2-modding-contest\/#comments\">5<\/a><div class=\"rpwe-summary\">Um ein grossartiges Jahr geb\u00fchrend einzul\u00e4uten, m\u00f6chten wir den Moment nutzen, um die talentierten Kreativen zu w\u00fcrdigen, die Transport Fever 2 immer wieder frisch und spannend halten \u2013 unsere fantastischen Modder. Mods sind das Herzst\u00fcck von Transport Fever 2. Mit dem Wachstum deines Transport-Imperiums steigt &hellip;<a href=\"https:\/\/www.transportfever2.com\/de\/transport-fever-2-modding-contest\/\" class=\"more-link\">Read More \u00bb<\/a><\/div><\/li><\/ul><\/div><!-- Generated by http:\/\/wordpress.org\/plugins\/recent-posts-widget-extended\/ --><\/div><\/div><div id=\"pgc-16-1-1\"  class=\"panel-grid-cell\" ><div id=\"panel-16-1-1-0\" class=\"so-panel widget_rpwe_widget rpwe_widget recent-posts-extended panel-first-child panel-last-child\" data-index=\"3\" ><div  class=\"rpwe-block\"><ul class=\"rpwe-ul\"><li class=\"rpwe-li rpwe-clearfix\"><a class=\"rpwe-img\" href=\"https:\/\/www.transportfever2.com\/de\/happy-holidays-from-the-transport-fever-2-family-4\/\" target=\"_self\"><img class=\"rpwe-alignright rpwe-thumb\" src=\"https:\/\/www.transportfever2.com\/wp-content\/uploads\/2024\/12\/20241223_holyday_greetings_1080x360-640x213.jpg\" alt=\"Frohe Festtage w\u00fcnscht die Transport Fever 2 Familie\" height=\"213\" width=\"640\" loading=\"lazy\" decoding=\"async\"><\/a><h3 class=\"rpwe-title\"><a href=\"https:\/\/www.transportfever2.com\/de\/happy-holidays-from-the-transport-fever-2-family-4\/\" target=\"_self\">Frohe Festtage w\u00fcnscht die Transport Fever 2 Familie<\/a><\/h3><time class=\"rpwe-time published\" datetime=\"2024-12-19T15:52:35+00:00\">Donnerstag, der 19. Dezember 2024<\/time><a class=\"rpwe-comment comment-count\" href=\"https:\/\/www.transportfever2.com\/de\/happy-holidays-from-the-transport-fever-2-family-4\/#comments\">8<\/a><div class=\"rpwe-summary\">Was f\u00fcr ein unglaubliches 2024! Die Einf\u00fchrung der mit Spannung erwarteten plattform\u00fcbergreifenden Mod-Unterst\u00fctzung mit dem diesj\u00e4hrigen Herbst-Update hat die Community n\u00e4her zusammengebracht als je zuvor. Ausserdem konnten wir die h\u00f6chste Anzahl gleichzeitiger Spieler seit den Tagen nach der Ver\u00f6ffentlichung vor f\u00fcnf Jahren erreichen. Eure anhaltende &hellip;<a href=\"https:\/\/www.transportfever2.com\/de\/happy-holidays-from-the-transport-fever-2-family-4\/\" class=\"more-link\">Read More \u00bb<\/a><\/div><\/li><\/ul><\/div><!-- Generated by http:\/\/wordpress.org\/plugins\/recent-posts-widget-extended\/ --><\/div><\/div><\/div><\/div>","protected":false},"excerpt":{"rendered":"","protected":false},"author":16,"featured_media":0,"parent":0,"menu_order":0,"comment_status":"closed","ping_status":"closed","template":"home-panels.php","meta":{"ngg_post_thumbnail":0,"footnotes":""},"class_list":["post-16","page","type-page","status-publish","hentry","post","post-with-thumbnail","post-with-thumbnail-large"],"_links":{"self":[{"href":"https:\/\/www.transportfever2.com\/de\/wp-json\/wp\/v2\/pages\/16","targetHints":{"allow":["GET"]}}],"collection":[{"href":"https:\/\/www.transportfever2.com\/de\/wp-json\/wp\/v2\/pages"}],"about":[{"href":"https:\/\/www.transportfever2.com\/de\/wp-json\/wp\/v2\/types\/page"}],"author":[{"embeddable":true,"href":"https:\/\/www.transportfever2.com\/de\/wp-json\/wp\/v2\/users\/16"}],"replies":[{"embeddable":true,"href":"https:\/\/www.transportfever2.com\/de\/wp-json\/wp\/v2\/comments?post=16"}],"version-history":[{"count":0,"href":"https:\/\/www.transportfever2.com\/de\/wp-json\/wp\/v2\/pages\/16\/revisions"}],"wp:attachment":[{"href":"https:\/\/www.transportfever2.com\/de\/wp-json\/wp\/v2\/media?parent=16"}],"curies":[{"name":"wp","href":"https:\/\/api.w.org\/{rel}","templated":true}]}}