{"id":1891,"date":"2016-04-05T15:04:40","date_gmt":"2016-04-05T15:04:40","guid":{"rendered":"http:\/\/192.168.1.80\/?page_id=1891"},"modified":"2023-01-20T14:46:24","modified_gmt":"2023-01-20T13:46:24","slug":"overview","status":"publish","type":"page","link":"https:\/\/www.transportfever2.com\/de\/game-info\/overview\/","title":{"rendered":"\u00dcbersicht"},"content":{"rendered":"<p><\/p>\n<div class=\"static-page\">\n<h3>\u00dcbersicht<\/h3>\n<p>Transport Fever 2 l\u00e4sst das klassische Genre der Transportsimulation neu aufleben. Die Welt will erschlossen werden &#8211; mit Transportwegen zu Land, auf dem Wasser und in der Luft. Auf dass Fortschritt und Wohlstand Einzug halten m\u00f6gen!<\/p>\n<p>Versorge die Welt mit der n\u00f6tigen Verkehrsinfrastruktur und mache mit massgeschneiderten Transportdienstleistungen ein Verm\u00f6gen. Lasse Z\u00fcge \u00fcber Schienen rollen, Busse und LKWs auf den Strassen kurven, Schiffe durchs Wasser gleiten und Flugzeuge in den L\u00fcften schweben. Bef\u00f6rdere die Menschen auf ihrem Weg zur Arbeit oder zu Freizeitaktivit\u00e4ten, lasse St\u00e4dte wachsen und gedeihen. Liefere Rohstoffe und Waren aus, damit die Wirtschaft floriert. Meistere die gr\u00f6ssten logistischen Herausforderungen von 1850 bis heute und errichte ein Transport-Imperium, das auf dem ganzen Erdball seinesgleichen sucht!<\/p>\n<p>Das freie Spiel bietet zahlreiche Gestaltungsm\u00f6glichkeiten und im Kampagnenmodus wird auf drei Kontinenten Transportgeschichte geschrieben. Transport Fever 2 wartet mit \u00fcber 200 detailliert nachgebildeten Fahrzeugen aus Europa, Amerika und Asien auf. Mit dem In-game Karteneditor k\u00f6nnen Landschaften in drei verschiedenen Klimazonen nach Belieben modelliert werden. Die realistische Verkehrs- und Wirtschaftssimulation sowie eine umfangreiche Modding-Unterst\u00fctzung (Windows\/Linux\/Mac) machen das Spielvergn\u00fcgen komplett.<\/p>\n<h3>Features<\/h3>\n<ul>\n<li>Freies Spiel mit unz\u00e4hligen Konfigurationsm\u00f6glichkeiten<\/li>\n<li>Drei Kampagnen, verteilt auf drei Kontinenten mit \u00fcber 20 Stunden Spielzeit<\/li>\n<li>Editor f\u00fcr das Erstellen von Karten und das Bearbeiten von Spielst\u00e4nden<\/li>\n<li>Drei Landschaftstypen: Gem\u00e4ssigt, Trocken und Tropisch<\/li>\n<li>Realistisch nachgebildete Fahrzeuge aus Europa, Amerika und Asien<\/li>\n<li>Insgesamt \u00fcber 200 Fahrzeuge: Z\u00fcge, Busse, Trams, LKWs, Flugzeuge und Schiffe<\/li>\n<li>Modulare Bahnh\u00f6fe, Bus- und LKW-Stationen, Flugh\u00e4fen und H\u00e4fen<\/li>\n<li>Realistische Verkehrssimulation inklusive Einbahnstrassen und Lichtsignalen<\/li>\n<li>Editier- und bemalbares Terrain mit realistischen Effekten<\/li>\n<li>Intuitive Konstruktionswerkzeuge u.a. f\u00fcr den Eisenbahnbau<\/li>\n<li>Einblendbare Layer f\u00fcr wichtige Daten wie Verkehr oder Emissionen<\/li>\n<li>Dynamische Wirtschafts- und St\u00e4dtesimulation<\/li>\n<li>Mehr als zehn Wirtschaftsketten mit dazugeh\u00f6rigen Fabriken und G\u00fcterarten<\/li>\n<li>St\u00e4dte mit unz\u00e4hligen Wohn-, Gewerbe- und Industriegeb\u00e4uden<\/li>\n<li>Detaillierte Spielwelt und physikalisch basierte Beleuchtung<\/li>\n<li>Individuell simulierte Landtiere, V\u00f6gel und Fische<\/li>\n<li>\u00dcber 50 herausfordernde Errungenschaften f\u00fcr das freie Spiel<\/li>\n<li>Umfangreiche Modding-Unterst\u00fctzung \u00fcber Steam Workshop (Windows\/Linux\/Mac)<\/li>\n<\/ul>\n<h3>Plattformen<\/h3>\n<ul>\n<li>Windows: Windows 7, 8 oder 10 (64-bit)<\/li>\n<li>Linux: Ubuntu 16.04 oder h\u00f6her (64-bit)<\/li>\n<li>Mac: MacOS 10.14 oder h\u00f6her (64-bit)<\/li>\n<li>Xbox One<\/li>\n<li>Xbox Series<\/li>\n<li>PlayStation 4<\/li>\n<li>PlayStation 5<\/li>\n<\/ul>\n<h3>Mindestsystemanforderungen<\/h3>\n<ul>\n<li>Windows + Linux:\n<ul>\n<li>Prozessor: Intel i5-2300 or AMD FX-6300<\/li>\n<li>Arbeitsspeicher: 8 GB RAM<\/li>\n<li>Grafikkarte: NVIDIA GeForce GTX 560 or AMD Radeon HD 7850, 2 GB VRAM<\/li>\n<\/ul>\n<\/li>\n<li>Mac:\n<ul>\n<li>Prozessor: Intel i5 quad-core<\/li>\n<li>Arbeitsspeicher: 8 GB RAM<\/li>\n<li>Grafikkarte: AMD Radeon R9 M290, 2 GB VRAM<\/li>\n<\/ul>\n<\/li>\n<\/ul>\n<h3>Empfohlen<\/h3>\n<ul>\n<li>Windows + Linux:\n<ul>\n<li>Prozessor: Intel i7-4770k or AMD Ryzen 5 1600<\/li>\n<li>Arbeitsspeicher: 16 GB RAM<\/li>\n<li>Grafikkarte: NVIDIA GeForce GTX 1060 or AMD Radeon RX 580, 4 GB VRAM<\/li>\n<\/ul>\n<\/li>\n<li>Mac:\n<ul>\n<li>Prozessor: Intel i7 quad-core<\/li>\n<li>Arbeitsspeicher: 16 GB RAM<\/li>\n<li>Grafikkarte: AMD Radeon Pro 580, 4 GB VRAM<\/li>\n<\/ul>\n<\/li>\n<\/ul>\n<\/div>\n<div class=\"static-page\">&nbsp;<\/div>\n<div class=\"static-page\">&nbsp;<\/div>\n<p><\/p>","protected":false},"excerpt":{"rendered":"<p>\u00dcbersicht Transport Fever 2 l\u00e4sst das klassische Genre der Transportsimulation neu aufleben. Die Welt will erschlossen werden &#8211; mit Transportwegen zu Land, auf dem Wasser und in der Luft. Auf dass Fortschritt und Wohlstand Einzug halten m\u00f6gen! Versorge die Welt mit der n\u00f6tigen Verkehrsinfrastruktur und mache mit massgeschneiderten Transportdienstleistungen ein Verm\u00f6gen. Lasse Z\u00fcge \u00fcber Schienen [&hellip;]<\/p>\n","protected":false},"author":11,"featured_media":4948,"parent":2,"menu_order":0,"comment_status":"closed","ping_status":"closed","template":"","meta":{"ngg_post_thumbnail":0,"footnotes":""},"class_list":["post-1891","page","type-page","status-publish","has-post-thumbnail","hentry","post","post-with-thumbnail","post-with-thumbnail-large"],"_links":{"self":[{"href":"https:\/\/www.transportfever2.com\/de\/wp-json\/wp\/v2\/pages\/1891","targetHints":{"allow":["GET"]}}],"collection":[{"href":"https:\/\/www.transportfever2.com\/de\/wp-json\/wp\/v2\/pages"}],"about":[{"href":"https:\/\/www.transportfever2.com\/de\/wp-json\/wp\/v2\/types\/page"}],"author":[{"embeddable":true,"href":"https:\/\/www.transportfever2.com\/de\/wp-json\/wp\/v2\/users\/11"}],"replies":[{"embeddable":true,"href":"https:\/\/www.transportfever2.com\/de\/wp-json\/wp\/v2\/comments?post=1891"}],"version-history":[{"count":0,"href":"https:\/\/www.transportfever2.com\/de\/wp-json\/wp\/v2\/pages\/1891\/revisions"}],"up":[{"embeddable":true,"href":"https:\/\/www.transportfever2.com\/de\/wp-json\/wp\/v2\/pages\/2"}],"wp:featuredmedia":[{"embeddable":true,"href":"https:\/\/www.transportfever2.com\/de\/wp-json\/wp\/v2\/media\/4948"}],"wp:attachment":[{"href":"https:\/\/www.transportfever2.com\/de\/wp-json\/wp\/v2\/media?parent=1891"}],"curies":[{"name":"wp","href":"https:\/\/api.w.org\/{rel}","templated":true}]}}