{"id":192,"date":"2015-11-30T12:50:37","date_gmt":"2015-11-30T12:50:37","guid":{"rendered":"http:\/\/192.168.1.80\/wordpress\/?page_id=192"},"modified":"2024-01-11T11:09:30","modified_gmt":"2024-01-11T10:09:30","slug":"press","status":"publish","type":"page","link":"https:\/\/www.transportfever2.com\/de\/about\/press\/","title":{"rendered":"Press"},"content":{"rendered":"<p><\/p>\n<div class=\"static-page\">\n<h2>Info<\/h2>\n<p><b>Name:<\/b> Transport Fever 2<br \/>\n<b>Genre:<\/b> Tycoon Game, Wirtschaftssimulation<br \/>\n<b>Plattformen:<\/b> Windows, Linux, MacOS<br \/>\n<b>Spielmodi:<\/b> Endlosspiel, Kampagnenmodus<br \/>\n<b>Entwickler:<\/b> <a href=\"https:\/\/urbangames.com\">Urban Games<\/a><br \/>\n<b>Publisher:<\/b> <a href=\"https:\/\/goodshepherd.games\">Good Shepherd Entertainment<\/a><br \/>\n<b>Ver\u00f6ffentlichung:<\/b> 11. Dezember 2019 <\/p>\n<h3>Presseunterlagen<\/h3>\n<p>Die offiziellen Presseunterlagen k\u00f6nnen hier herunter geladen werden: <a href = \"\/wp-content\/static\/presskit\/Presskit_Transport_Fever_2.zip\">Download<\/a><\/p>\n<p>Der Launch Trailer im MP4-Format kann hier herunter geladen werden: <a href = \"\/wp-content\/static\/trailer\/Transport_Fever_2_Launch_Trailer.zip\">Download<\/a><\/p>\n<p>Das Gameplay Video im MP4-Format kann hier herunter geladen werden: <a href = \"\/wp-content\/static\/videos\/Transport_Fever_2_-_Gameplay_Video.zip\">Download<\/a><\/p>\n<p>Die Development Highlights Videos im MP4-Format k\u00f6nnen hier herunter geladen werden: <a href = \"\/wp-content\/static\/videos\/Transport_Fever_2_-_Development_Highlights.zip\">Download<\/a><\/p>\n<p>Alternativ finden sich zahlreiche Informationen und Materialien auf der Webseite unter folgenden Links:<\/p>\n<ul>\n<li><a href=\"\/game-info\/overview\/\">\u00dcbersicht<\/a><\/li>\n<li><a href=\"\/game-info\/features\/\">Key features<\/a><\/li>\n<li><a href=\"\/media\/screenshots\/\">Screenshots<\/a><\/li>\n<li><a href=\"\/media\/videos\/\">Videos<\/a><\/li>\n<\/ul>\n<h2>Presseanfragen<\/h2>\n<p>Mitglieder der Presse wenden sich gerne \u00fcber den blauen Kontakt-Button unten rechts an uns.<\/p>\n<h2>Presse Mailing-Liste<\/h2>\n<p>Die Presse Mailing-Liste informiert regelm\u00e4ssig \u00fcber die aktuelle Entwicklung des Spiels. Wir bitten um Anmeldung \u00fcber den blauen Kontakt-Button unten rechts.<\/p>\n<h2>YouTuber und Streamer<\/h2>\n<p>Produzenten von Videos und Livestreams, die gerne \u00fcber Transport Fever 2 berichten wollen, sind herzlich eingeladen, uns zu kontaktieren oder sich bei der Presse Mailing-Liste anzumelden!<\/p>\n<h2>Gameplay Videos, Streaming und von Fans erstellte Inhalte:<\/h2>\n<p>Gerne erlauben wir YouTubern und Streamern das Aufnehmen oder Streamen von Transport Fever auf Plattformen wie YouTube oder Twitch und gestatten auch die Monetarisierung auf diesen Plattformen.<\/p>\n<p>Wir freuen uns ausserdem \u00fcber alle von Fans erstellten Inhalte, solange diese nicht kommerziell sind. Wir behalten uns aber vor, anst\u00f6ssige oder unzul\u00e4ssige Inhalte zu entfernen oder zu verbieten.<\/p>\n<p><!-- Start of urbangames Zendesk Widget script --><br \/>\n<script id=\"ze-snippet\" src=\"https:\/\/static.zdassets.com\/ekr\/snippet.js?key=1eb5f703-9d3b-4b7a-80d7-4faf097c1445\"> <\/script><br \/>\n<script type=\"text\/javascript\">\n  window.zESettings = {\n    webWidget: {\n      contactForm: {\n        subject: true,\n        fields: [\n          { id: 360009076938, prefill: { '*': 'press' } },\n          { id: 360008756997, prefill: { '*': 'transport_fever_2' } },\n        ]\n      },\n      launcher: {\n        label: {\n          \"*\": \"Kontakt\"\n        }\n      }\n    }\n  };\n  window.zE('webWidget', 'setLocale', 'de');\n<\/script><br \/>\n<!-- End of urbangames Zendesk Widget script --><\/p>\n<style>\n#scroll-to-top { bottom: 75px; }\n<\/style>\n<\/div>\n<p><\/p>","protected":false},"excerpt":{"rendered":"<p>Info Name: Transport Fever 2 Genre: Tycoon Game, Wirtschaftssimulation Plattformen: Windows, Linux, MacOS Spielmodi: Endlosspiel, Kampagnenmodus Entwickler: Urban Games Publisher: Good Shepherd Entertainment Ver\u00f6ffentlichung: 11. Dezember 2019 Presseunterlagen Die offiziellen Presseunterlagen k\u00f6nnen hier herunter geladen werden: Download Der Launch Trailer im MP4-Format kann hier herunter geladen werden: Download Das Gameplay Video im MP4-Format kann hier [&hellip;]<\/p>\n","protected":false},"author":16,"featured_media":4828,"parent":413,"menu_order":0,"comment_status":"closed","ping_status":"closed","template":"","meta":{"ngg_post_thumbnail":0,"footnotes":""},"class_list":["post-192","page","type-page","status-publish","has-post-thumbnail","hentry","post","post-with-thumbnail","post-with-thumbnail-large"],"_links":{"self":[{"href":"https:\/\/www.transportfever2.com\/de\/wp-json\/wp\/v2\/pages\/192","targetHints":{"allow":["GET"]}}],"collection":[{"href":"https:\/\/www.transportfever2.com\/de\/wp-json\/wp\/v2\/pages"}],"about":[{"href":"https:\/\/www.transportfever2.com\/de\/wp-json\/wp\/v2\/types\/page"}],"author":[{"embeddable":true,"href":"https:\/\/www.transportfever2.com\/de\/wp-json\/wp\/v2\/users\/16"}],"replies":[{"embeddable":true,"href":"https:\/\/www.transportfever2.com\/de\/wp-json\/wp\/v2\/comments?post=192"}],"version-history":[{"count":0,"href":"https:\/\/www.transportfever2.com\/de\/wp-json\/wp\/v2\/pages\/192\/revisions"}],"up":[{"embeddable":true,"href":"https:\/\/www.transportfever2.com\/de\/wp-json\/wp\/v2\/pages\/413"}],"wp:featuredmedia":[{"embeddable":true,"href":"https:\/\/www.transportfever2.com\/de\/wp-json\/wp\/v2\/media\/4828"}],"wp:attachment":[{"href":"https:\/\/www.transportfever2.com\/de\/wp-json\/wp\/v2\/media?parent=192"}],"curies":[{"name":"wp","href":"https:\/\/api.w.org\/{rel}","templated":true}]}}