{"id":4357,"date":"2017-05-04T15:12:53","date_gmt":"2017-05-04T13:12:53","guid":{"rendered":"http:\/\/www.transportfever.com\/?page_id=4357"},"modified":"2025-03-08T21:50:13","modified_gmt":"2025-03-08T20:50:13","slug":"modding-contest","status":"publish","type":"page","link":"https:\/\/www.transportfever2.com\/de\/modding-contest\/","title":{"rendered":"Transport Fever 2 Modding-Wettbewerb"},"content":{"rendered":"<h3 class=\"static-page\">Transport Fever 2 Modding-Wettbewerb<\/h3>\r\n\r\n<p class=\"static-page\">Das Team von <em>Urban Games<\/em> m\u00f6chte allen Transport Fever 2-Moddern (und denen, die es noch werden wollen) danken und der Community etwas zur\u00fcckgeben mit dem 2025 Transport Fever 2 Modding Wettbewerb!<\/p>\r\n<!-- \/wp:paragraph -->\r\n\r\n<!-- wp:paragraph -->\r\n<p>Dieser Wettbewerb ist die Chance, deine Kreativit\u00e4t unter Beweis zu stellen und epische Preise in einem Gesamtwert von 4.500 $ zu gewinnen. Die Gewinner haben zudem die einmalige Gelegenheit, das B\u00fcro von Urban Games zu besuchen, unser Team kennenzulernen und einen exklusiven ersten Blick auf unser neues Projekt zu werfen!<\/p>\r\n<!-- \/wp:paragraph -->\r\n\r\n<!-- wp:paragraph -->\r\n<p>Egal, ob du detailreiche Fahrzeuge entwerfen, beeindruckende Geb\u00e4ude erschaffen oder bestehenden Modellen einen neuen Look verpassen m\u00f6chtest \u2013 die M\u00f6glichkeiten sind endlos. Die einzige Grenze ist deine Fantasie!<\/p>\r\n<!-- \/wp:paragraph -->\r\n\r\n<!-- wp:paragraph -->\r\n<p>Falls du noch nie Mods f\u00fcr das Spiel erstellt hast, es aber schon immer einmal ausprobieren wolltest, ist jetzt der perfekte Zeitpunkt! Schau dir unsere <a rel=\"noreferrer noopener\"  href=\"https:\/\/www.transportfever2.com\/wiki\/doku.php?id=modding\">Modding-Anleitung<\/a> an und leg los.<\/p>\r\n<!-- \/wp:paragraph -->\r\n\r\n<!-- wp:paragraph -->\r\n<p>Schau dir nachfolgend die <strong>Preise, Kategorien und vollst\u00e4ndigen Wettbewerbsregeln<\/strong> an \u2013 viel Erfolg und frohes Modden!<\/p>\r\n<!-- \/wp:paragraph -->\r\n\r\n<!-- wp:heading {\"textAlign\":\"left\",\"className\":\"static-page\"} -->\r\n<h2 class=\"has-text-align-left static-page\" id=\"block-97c2f9d9-e83a-480e-aa6d-82a4f46bf78d\">Preise<\/h2>\r\n<!-- \/wp:heading -->\r\n\r\n<!-- wp:table {\"hasFixedLayout\":true,\"className\":\"is-style-regular price-table static-page\"} -->\r\n<figure class=\"wp-block-table is-style-regular price-table static-page\"><table class=\"has-fixed-layout\"><tbody><tr><td class=\"has-text-align-center\" data-align=\"center\"><strong>Fahrzeugkategorie<\/strong><\/td><td class=\"has-text-align-center\" data-align=\"center\"><strong>Geb\u00e4udekategorie<\/strong><\/td><td class=\"has-text-align-center\" data-align=\"center\"><strong>Neulackierungen<\/strong><\/td><\/tr><tr><td class=\"has-text-align-center\" data-align=\"center\"><strong>GOLD <\/strong>Einladung ins Urban Games B\u00fcro + $1000<\/td><td class=\"has-text-align-center\" data-align=\"center\"><strong>GOLD<\/strong> Einladung ins Urban Games B\u00fcro + $1000<\/td><td class=\"has-text-align-center\" data-align=\"center\"><strong>GOLD<\/strong> $500<\/td><\/tr><tr><td class=\"has-text-align-center\" data-align=\"center\"><strong>SILBER <\/strong>$500<\/td><td class=\"has-text-align-center\" data-align=\"center\"><strong>SILBER <\/strong>$500<\/td><td class=\"has-text-align-center\" data-align=\"center\"><strong>SILBER <\/strong>$300<\/td><\/tr><tr><td class=\"has-text-align-center\" data-align=\"center\"><strong>BRONZE<\/strong> $300<\/td><td class=\"has-text-align-center\" data-align=\"center\"><strong>BRONZE<\/strong> $300<\/td><td class=\"has-text-align-center\" data-align=\"center\"><strong>BRONZE<\/strong> $100<\/td><\/tr><\/tbody><\/table><figcaption>*das Geld k\u00f6nnte z.B. verwendet werden, um die Reisekosten ins B\u00fcro von Urban Games in Schaffhausen (Schweiz) zu decken<\/figcaption><\/figure>\r\n<!-- \/wp:table -->\r\n\r\n<!-- wp:heading {\"textAlign\":\"left\",\"className\":\"static-page\"} -->\r\n<h2 class=\"has-text-align-left static-page\" id=\"block-6d4cc49b-9ab6-43b1-bd7a-17b58d8b309b\">Regeln<\/h2>\r\n<!-- \/wp:heading -->\r\n\r\n<!-- wp:paragraph {\"className\":\"static-page\"} -->\r\n<p class=\"static-page\" id=\"block-35c08615-2c2d-42d1-b3d2-72e0c614e5a1\">Erstelle eine eigene Mod und ver\u00f6ffentliche sie auf <a href=\"https:\/\/mod.io\/g\/transportfever2\">mod.io<\/a> in einer der folgenden Kategorien:<br><strong>FAHRZEUGE<\/strong> \u2013 Fahrzeuge aller Art (einschlie\u00dflich Mehrfacheinheiten) sind erlaubt, auch fiktive Modelle. Die Mods d\u00fcrfen jedoch nur ein einzelnes Fahrzeug enthalten, keine Sammlung.<br><strong>GEB\u00c4UDE<\/strong> \u2013 Bahnh\u00f6fe, Industrien, Stadtgeb\u00e4ude und andere Bauwerke mit einer Grundfl\u00e4che von mindestens 5&#215;5 Metern.<br><strong>NEULACKIERUNGEN<\/strong> \u2013 Neulackierungen f\u00fcr alle Fahrzeuge, die im Grundspiel von <em>Transport Fever 2<\/em> enthalten sind.<\/p>\r\n<!-- \/wp:paragraph -->\r\n\r\n<!-- wp:paragraph -->\r\n<p id=\"block-f4c92f20-29c3-4ef3-a456-e53d37d23bdc\"><strong>Einreichfrist:<\/strong><br>Mods, die f\u00fcr diesen Wettbewerb eingereicht werden, m\u00fcssen&#8230;<\/p>\r\n<!-- \/wp:paragraph -->\r\n\r\n<!-- wp:list {\"className\":\"static-page\"} -->\r\n<ul class=\"static-page\"><li>eine neue Mod sein und exklusiv auf <em>mod.io<\/em> hochgeladen werden, sp\u00e4testens bis zum <strong>10. April 2025, 23:59 CET<\/strong><\/li><li>vollst\u00e4ndig vom Autor selbst erstellt worden sein (keine gekauften oder \u201egeliehenen&#8220; Assets oder Texturen)<\/li><li>die <em>mod.io<\/em>-Upload-Regeln erf\u00fcllen und mit Konsolen kompatibel sein gem\u00e4\u00df den <a href=\"https:\/\/mod.io\/g\/transportfever2\/r\/prepare-mods-for-console-distribution\">Konsolen-Modding-Richtlinien<\/a><\/li><li>mit dem Tag <em>\u201eModding Contest 2025&#8243;<\/em> versehen sein<\/li><\/ul>\r\n<!-- \/wp:list -->\r\n\r\n<!-- wp:paragraph -->\r\n<p id=\"block-f4c92f20-29c3-4ef3-a456-e53d37d23bdc\"<strong>Abstimmung<\/strong>:<br>Die Gewinner werden von unserem grossartigen Team bei Urban Games ausgew\u00e4hlt.<\/p>\r\n<!-- \/wp:paragraph -->\r\n\r\n<!-- wp:paragraph -->\r\n<p id=\"block-f4c92f20-29c3-4ef3-a456-e53d37d23bdc\"><strong>Zeitplan:<\/strong><\/p>\r\n<!-- \/wp:paragraph -->\r\n\r\n<!-- wp:list {\"className\":\"static-page\"} -->\r\n<ul class=\"static-page\"><li>Start des Modding-Wettbewerbs: <strong>3. M\u00e4rz 2025, 16:00 CET<\/strong><\/li><li>Einreichfrist f\u00fcr Mods: <strong>Bis zum 10. April 2025, 23:59 CET<\/strong><\/li><li>Bekanntgabe der Gewinner: <strong>21. April 2025<\/strong><\/li><\/ul>\r\n<!-- \/wp:list -->\r\n\r\n<!-- wp:paragraph -->\r\n<p id=\"block-c4622fbb-8160-4830-be41-4204beeadaa8\"><strong>Sonstiges<\/strong><\/p>\r\n<!-- \/wp:paragraph -->\r\n\r\n<!-- wp:list {\"className\":\"static-page\"} -->\r\n<ul class=\"static-page\"><li>Dieser Wettbewerb wird von <em>mod.io<\/em> gehostet \u2013 die Gewinner werden von <em>mod.io<\/em> kontaktiert.<\/li><li><em>Urban Games<\/em> kann Mods vom Wettbewerb ausschlie\u00dfen, z. B. bei Regelverst\u00f6\u00dfen, ohne Angabe von Gr\u00fcnden.<\/li><li>Die Nutzungsbedingungen von <em>mod.io<\/em> gelten \u2013 siehe <a href=\"https:\/\/mod.io\/g\/transportfever2\/r\/transport-fever-2-mod-contest-terms-conditions\">hier.<\/a><\/li><\/ul>\r\n<!-- \/wp:list -->","protected":false},"excerpt":{"rendered":"<p>Transport Fever 2 Modding-Wettbewerb Das Team von Urban Games m\u00f6chte allen Transport Fever 2-Moddern (und denen, die es noch werden wollen) danken und der Community etwas zur\u00fcckgeben mit dem 2025 Transport Fever 2 Modding Wettbewerb! Dieser Wettbewerb ist die Chance, deine Kreativit\u00e4t unter Beweis zu stellen und epische Preise in einem Gesamtwert von 4.500 $ [&hellip;]<\/p>\n","protected":false},"author":15,"featured_media":6870,"parent":0,"menu_order":0,"comment_status":"closed","ping_status":"closed","template":"","meta":{"ngg_post_thumbnail":0,"footnotes":""},"class_list":["post-4357","page","type-page","status-publish","has-post-thumbnail","hentry","post","post-with-thumbnail","post-with-thumbnail-large"],"_links":{"self":[{"href":"https:\/\/www.transportfever2.com\/de\/wp-json\/wp\/v2\/pages\/4357","targetHints":{"allow":["GET"]}}],"collection":[{"href":"https:\/\/www.transportfever2.com\/de\/wp-json\/wp\/v2\/pages"}],"about":[{"href":"https:\/\/www.transportfever2.com\/de\/wp-json\/wp\/v2\/types\/page"}],"author":[{"embeddable":true,"href":"https:\/\/www.transportfever2.com\/de\/wp-json\/wp\/v2\/users\/15"}],"replies":[{"embeddable":true,"href":"https:\/\/www.transportfever2.com\/de\/wp-json\/wp\/v2\/comments?post=4357"}],"version-history":[{"count":0,"href":"https:\/\/www.transportfever2.com\/de\/wp-json\/wp\/v2\/pages\/4357\/revisions"}],"wp:featuredmedia":[{"embeddable":true,"href":"https:\/\/www.transportfever2.com\/de\/wp-json\/wp\/v2\/media\/6870"}],"wp:attachment":[{"href":"https:\/\/www.transportfever2.com\/de\/wp-json\/wp\/v2\/media?parent=4357"}],"curies":[{"name":"wp","href":"https:\/\/api.w.org\/{rel}","templated":true}]}}