{"id":5395,"date":"2021-02-05T13:40:17","date_gmt":"2021-02-05T12:40:17","guid":{"rendered":"https:\/\/www.transportfever2.com\/?page_id=5395"},"modified":"2021-03-23T11:40:29","modified_gmt":"2021-03-23T10:40:29","slug":"social-media","status":"publish","type":"page","link":"https:\/\/www.transportfever2.com\/de\/community\/social-media\/","title":{"rendered":"Social Media"},"content":{"rendered":"<p><\/p>\n<div class=\"static-page\">\n<h2>Social Media<\/h2>\n<p><a href=\"http:\/\/steamcommunity.com\/app\/1066780\/discussions\/\"><img loading=\"lazy\" decoding=\"async\" class=\"alignright size-full wp-image-885\" src=\"\/wp-content\/uploads\/2016\/03\/steam_forum.jpg\" alt=\"steam_forum\" width=\"291\" height=\"70\" srcset=\"https:\/\/www.transportfever2.com\/wp-content\/uploads\/2016\/03\/steam_forum.jpg 595w, https:\/\/www.transportfever2.com\/wp-content\/uploads\/2016\/03\/steam_forum-300x72.jpg 300w\" sizes=\"auto, (max-width: 291px) 100vw, 291px\" \/><\/a>Sei dabei und diskutiere mit \u00fcber Transport Fever 2<br \/>\nim offiziellen <a href=\"http:\/\/steamcommunity.com\/app\/1066780\/discussions\/\">Steam Diskussionsforum<\/a>.<\/p>\n<p>Erfahre mehr \u00fcber Transport Fever 2 auf dem <a href=\"http:\/\/steamcommunity.com\/app\/1066780\/discussions\/\">Steam Community Hub<\/a><br \/>\nund auf der <a href=\"http:\/\/store.steampowered.com\/app\/1066780\">Steam Store Page<\/a>.<\/p>\n<p><i class=\"fab fa-facebook\"><\/i>&nbsp; Teile Informationen \u00fcber Transport Fever 2 bei <a href=\"https:\/\/www.facebook.com\/TransportFeverGame\">Facebook<\/a>.<\/p>\n<p><i class=\"fab fa-twitter\"><\/i>&nbsp; Folge Transport Fever 2 bei <a href=\"https:\/\/twitter.com\/transportfever\">Twitter<\/a> und bleibe auf dem neuesten Stand.<\/p>\n<p><i class=\"fab fa-youtube\"><\/i>&nbsp; Schaue die neusten Trailer und Videoblogs bei <a href=\"https:\/\/www.youtube.com\/channel\/UCwU5oERCBunenjDsAMDikqQ?nohtml5\">YouTube<\/a> an.<\/p>\n<p><i class=\"fab fa-instagram\"><\/i>&nbsp; Bewundere die Impressionen aus den Spielen auf <a href=\"https:\/\/www.instagram.com\/transportfever2\/\">Instagram<\/a> an.<\/p>\n<p><i class=\"fas fa-envelope\"><\/i>&nbsp; Verpasse kein Update mehr und abonniere den <a href=\"\/newsletter\/\">Newsletter<\/a>.<\/p>\n<\/div>\n<p><\/p>","protected":false},"excerpt":{"rendered":"<p>Social Media Sei dabei und diskutiere mit \u00fcber Transport Fever 2 im offiziellen Steam Diskussionsforum. Erfahre mehr \u00fcber Transport Fever 2 auf dem Steam Community Hub und auf der Steam Store Page. &nbsp; Teile Informationen \u00fcber Transport Fever 2 bei Facebook. &nbsp; Folge Transport Fever 2 bei Twitter und bleibe auf dem neuesten Stand. &nbsp; [&hellip;]<\/p>\n","protected":false},"author":16,"featured_media":4831,"parent":85,"menu_order":0,"comment_status":"closed","ping_status":"closed","template":"","meta":{"ngg_post_thumbnail":0,"footnotes":""},"class_list":["post-5395","page","type-page","status-publish","has-post-thumbnail","hentry","post","post-with-thumbnail","post-with-thumbnail-large"],"_links":{"self":[{"href":"https:\/\/www.transportfever2.com\/de\/wp-json\/wp\/v2\/pages\/5395","targetHints":{"allow":["GET"]}}],"collection":[{"href":"https:\/\/www.transportfever2.com\/de\/wp-json\/wp\/v2\/pages"}],"about":[{"href":"https:\/\/www.transportfever2.com\/de\/wp-json\/wp\/v2\/types\/page"}],"author":[{"embeddable":true,"href":"https:\/\/www.transportfever2.com\/de\/wp-json\/wp\/v2\/users\/16"}],"replies":[{"embeddable":true,"href":"https:\/\/www.transportfever2.com\/de\/wp-json\/wp\/v2\/comments?post=5395"}],"version-history":[{"count":0,"href":"https:\/\/www.transportfever2.com\/de\/wp-json\/wp\/v2\/pages\/5395\/revisions"}],"up":[{"embeddable":true,"href":"https:\/\/www.transportfever2.com\/de\/wp-json\/wp\/v2\/pages\/85"}],"wp:featuredmedia":[{"embeddable":true,"href":"https:\/\/www.transportfever2.com\/de\/wp-json\/wp\/v2\/media\/4831"}],"wp:attachment":[{"href":"https:\/\/www.transportfever2.com\/de\/wp-json\/wp\/v2\/media?parent=5395"}],"curies":[{"name":"wp","href":"https:\/\/api.w.org\/{rel}","templated":true}]}}