{"id":5454,"date":"2021-03-11T19:01:32","date_gmt":"2021-03-11T18:01:32","guid":{"rendered":"https:\/\/www.transportfever2.com\/?page_id=5454"},"modified":"2025-06-17T11:24:06","modified_gmt":"2025-06-17T09:24:06","slug":"fan-communities","status":"publish","type":"page","link":"https:\/\/www.transportfever2.com\/de\/community\/fan-communities\/","title":{"rendered":"Fan Communities"},"content":{"rendered":"<p><\/p>\n<div class=\"static-page\">\n<h2>Fan Communities<\/h2>\n<p>Trete einer der engagierten Fan Communities von Train Fever, Transport Fever und Transport Fever 2 bei:<\/p>\n<style>\n.community-container {\n  display: flex;\n  flex-wrap: wrap;\n  justify-content: space-between;\n  padding: 0px 30px;\n}\n.community-item {\n  width: 49%;\n  padding: 15px 0;\n  margin: 11px 0px;\n  background-color: #e1e9ed;\n}\n@media screen and (max-width:880px) {\n  .community-item {\n    width: 100%;\n  }\n}\n.community-logo {\n  float: left;\n  padding: 7px 0 0 30px;\n  width: 80px;\n}\n.community-logo img {\n  border-radius: 50%;\n  \/* border-style: solid;\n  border-width: 1px;\n  border-color: #8f8f8f; *\/\n  margin-bottom: 15px;\n  width: 100%;\n}\n.community-desc {\n  padding-left: 110px;\n  padding-right: 0px;\n}\n.community-desc h3 {\n}\n.community-logo p {\n  text-align: center;\n  padding-left: 0px;\n  padding-right: 0px;\n  margin: 0px;\n  font-size: 20px;\n}\n<\/style>\n<div class=\"community-container\">\n<div class=\"community-item\">\n<div class=\"community-logo\">\n      <img decoding=\"async\" src=\"https:\/\/www.transportfever2.com\/wp-content\/uploads\/2021\/03\/fancommunity_tpfnet.png\"\/><\/p>\n<p class=\"community-links\">\n        <a href=\"https:\/\/www.transportfever.net\/\" target=\"_blank\" rel=\"noopener noreferrer\" title=\"transportfever.net\"><i class=\"fas fa-globe-europe\"><\/i><\/a>\n      <\/p>\n<\/p><\/div>\n<div class=\"community-desc\">\n<p><b>tpf|net<\/b><\/p>\n<p>Deutsche Community mit Forum, Galerie und umfangreicher Downloadsektion f\u00fcr Transport Fever.<\/p>\n<\/p><\/div>\n<\/p><\/div>\n<div class=\"community-item\">\n<div class=\"community-logo\">\n      <img decoding=\"async\" src=\"https:\/\/www.transportfever2.com\/wp-content\/uploads\/2021\/03\/fancommunity_modwerkstatt.png\"\/><\/p>\n<p class=\"community-links\">\n        <a href=\"https:\/\/modwerkstatt.com\/\" target=\"_blank\" rel=\"noopener noreferrer\" title=\"modwerkstatt.com\"><i class=\"fas fa-globe-europe\"><\/i><\/a><br \/>\n        <a href=\"https:\/\/discord.gg\/wvWumTc\" target=\"_blank\" rel=\"noopener noreferrer\" title=\"Discordserver of modwerkstatt.com\"><i class=\"fab fa-discord\"><\/i><\/a>\n      <\/p>\n<\/p><\/div>\n<div class=\"community-desc\">\n<p><b>Modwerkstatt<\/b><\/p>\n<p>Community mit Fokus auf das Modden und Downloadangebot von Fahrzeugen und Assets aus Deutschland.<\/p>\n<\/p><\/div>\n<\/p><\/div>\n<div class=\"community-item\">\n<div class=\"community-logo\">\n      <img decoding=\"async\" src=\"https:\/\/www.transportfever2.com\/wp-content\/uploads\/2021\/03\/fancommunity_vk.png\"\/><\/p>\n<p class=\"community-links\">\n        <a href=\"https:\/\/vk.com\/transportfever\" target=\"_blank\" rel=\"noopener noreferrer\" title=\"vk.com\/transportfever\"><i class=\"fas fa-globe-asia\"><\/i><\/a><br \/>\n        <a href=\"https:\/\/discord.gg\/pkRwdGR\" target=\"_blank\" rel=\"noopener noreferrer\" title=\"Discordserver of vk community\"><i class=\"fab fa-discord\"><\/i><\/a><br \/>\n        <a href=\"https:\/\/www.instagram.com\/transportfever_vk\/\" target=\"_blank\" rel=\"noopener noreferrer\" title=\"Instagram profile of vk community\"><i class=\"fab fa-instagram\"><\/i><\/a>\n      <\/p>\n<\/p><\/div>\n<div class=\"community-desc\">\n<p><b>Transport Fever VK|RU<\/b><\/p>\n<p>Internationale Community f\u00fcr alle, die gerne Screenshots oder andere Kunstwerke in Transport Fever erstellen.<\/p>\n<\/p><\/div>\n<\/p><\/div>\n<div class=\"community-item\">\n<div class=\"community-logo\">\n      <img decoding=\"async\" src=\"https:\/\/www.transportfever2.com\/wp-content\/uploads\/2021\/03\/fancommunity_transportgames.png\"\/><\/p>\n<p class=\"community-links\">\n        <a href=\"http:\/\/transport-games.ru\/\" target=\"_blank\" rel=\"noopener noreferrer\" title=\"transport-games.ru\"><i class=\"fas fa-globe-asia\"><\/i><\/a>\n      <\/p>\n<\/p><\/div>\n<div class=\"community-desc\">\n<p><b>Transport Games<\/b><\/p>\n<p>Russische Community rund um Transportspiele. Neben einem Forum gibt es auch einen Downloadbereich.<\/p>\n<\/p><\/div>\n<\/p><\/div>\n<div class=\"community-item\">\n<div class=\"community-logo\">\n      <img decoding=\"async\" src=\"https:\/\/www.transportfever2.com\/wp-content\/uploads\/2021\/03\/fancommunity_english-3.png\"\/><\/p>\n<p class=\"community-links\">\n        <a href=\"https:\/\/www.reddit.com\/r\/TransportFever\" target=\"_blank\" rel=\"noopener noreferrer\" title=\"Reddit for Transport Fever\"><i class=\"fab fa-reddit\"><\/i><\/a><br \/>\n        <a href=\"https:\/\/discord.gg\/BEY8zEu\" target=\"_blank\" rel=\"noopener noreferrer\" title=\"Discordserver of Transport Fever\"><i class=\"fab fa-discord\"><\/i><\/a><br \/>\n        <a href=\"https:\/\/www.reddit.com\/r\/TransportFever2\" target=\"_blank\" rel=\"noopener noreferrer\" title=\"Reddit for Transport Fever 2\"><i class=\"fab fa-reddit\"><\/i><\/a>\n      <\/p>\n<\/p><\/div>\n<div class=\"community-desc\">\n<p><b>Transport Fever EN<\/b><\/p>\n<p>Urspr\u00fcnglich auf Reddit initiiert, ist dies der gr\u00f6\u00dfte internationale Discordserver f\u00fcr Transport Fever geworden.<\/p>\n<\/p><\/div>\n<\/p><\/div>\n<div class=\"community-item\">\n<div class=\"community-logo\">\n      <img decoding=\"async\" src=\"https:\/\/www.transportfever2.com\/wp-content\/uploads\/2021\/03\/fancommunity_uk.png\"\/><\/p>\n<p class=\"community-links\">\n        <a href=\"https:\/\/discord.gg\/XVYTAqh\" target=\"_blank\" rel=\"noopener noreferrer\" title=\"Discordserver of Transport Fever UK\"><i class=\"fab fa-discord\"><\/i><\/a>\n      <\/p>\n<\/p><\/div>\n<div class=\"community-desc\">\n<p><b>Transport Fever UK<\/b><\/p>\n<p>F\u00fcr alle Interessenten der britischen Fahrzeuge und Mods f\u00fcr Transport Fever gibt es einen eigenen Discordserver.<\/p>\n<\/p><\/div>\n<\/p><\/div>\n<div class=\"community-item\">\n<div class=\"community-logo\">\n      <img decoding=\"async\" src=\"https:\/\/www.transportfever2.com\/wp-content\/uploads\/2021\/03\/fancommunity_france.png\"\/><\/p>\n<p class=\"community-links\">\n        <a href=\"https:\/\/www.facebook.com\/groups\/TransportFeverFR\/\" target=\"_blank\" rel=\"noopener noreferrer\" title=\"Facebook page of Transport Fever France\"><i class=\"fab fa-facebook\"><\/i><\/a><br \/>\n        <a href=\"https:\/\/discord.gg\/VaSSqzG\" target=\"_blank\" rel=\"noopener noreferrer\" title=\"Discordserver of Transport Fever France\"><i class=\"fab fa-discord\"><\/i><\/a><br \/>\n        <a href=\"https:\/\/www.instagram.com\/transportfeverfrance\/\" target=\"_blank\" rel=\"noopener noreferrer\" title=\"Instagram profile of Transport Fever France\"><i class=\"fab fa-instagram\"><\/i><\/a>\n      <\/p>\n<\/p><\/div>\n<div class=\"community-desc\">\n<p><b>Transport Fever France<\/b><\/p>\n<p>Die franz\u00f6sische Community f\u00fcr alle, die sich \u00fcber franz\u00f6sische Inhalte f\u00fcr Transport Fever interessieren.<\/p>\n<\/p><\/div>\n<\/p><\/div>\n<p><!--  \n\n<div class=\"community-item\">\n    \n\n<div class=\"community-logo\">\n      <img decoding=\"async\" src=\"https:\/\/www.transportfever2.com\/wp-content\/uploads\/2021\/03\/fancommunity_japan-1.png\"\/>\n      \n\n<p class=\"community-links\">\n        <a href=\"https:\/\/discord.gg\/zJE4Nbm\" target=\"_blank\" rel=\"noopener noreferrer\" title=\"Discordserver of Transport Fever Japan\"><i class=\"fab fa-discord\"><\/i><\/a>\n      <\/p>\n\n\n    <\/div>\n\n\n    \n\n<div class=\"community-desc\">\n      \n\n<p><b>Transport Fever Japan<\/b><\/p>\n\n\n      \n\n<p>Die japanische Community, die seit dem Release von Transport Fever 2 stetig w\u00e4chst.<\/p>\n\n\n    <\/div>\n\n\n  <\/div>\n\n --><\/p>\n<div class=\"community-item\">\n<div class=\"community-logo\">\n      <img decoding=\"async\" src=\"https:\/\/www.transportfever2.com\/wp-content\/uploads\/2021\/03\/fancommunity_iberia.png\"\/><\/p>\n<p class=\"community-links\">\n        <a href=\"https:\/\/discord.gg\/kyjhYerscp\" target=\"_blank\" rel=\"noopener noreferrer\" title=\"Discordserver of Transport Fever Iberia\"><i class=\"fab fa-discord\"><\/i><\/a>\n      <\/p>\n<\/p><\/div>\n<div class=\"community-desc\">\n<p><b>Transport Fever Iberia<\/b><\/p>\n<p>Spanische und Portugiesische Community rund um Spielinhalte der Iberischen Halbinsel.<\/p>\n<\/p><\/div>\n<\/p><\/div>\n<div class=\"community-item\">\n<div class=\"community-logo\">\n      <img decoding=\"async\" src=\"https:\/\/www.transportfever2.com\/wp-content\/uploads\/2021\/03\/fancommunity_italia.png\"\/><\/p>\n<p class=\"community-links\">\n        <a href=\"https:\/\/transportfever2italianfans.forumfree.it\/\" target=\"_blank\" rel=\"noopener noreferrer\" title=\"transportfever2italianfans.forumfree.it\"><i class=\"fas fa-globe-europe\"><\/i><\/a><br \/>\n        <a href=\"https:\/\/discord.gg\/5pGG6V5\" target=\"_blank\" rel=\"noopener noreferrer\" title=\"Discordserver of Transport Fever Italia\"><i class=\"fab fa-discord\"><\/i><\/a>\n      <\/p>\n<\/p><\/div>\n<div class=\"community-desc\">\n<p><b>Transport Fever Italia<\/b><\/p>\n<p>Diese Community ist f\u00fcr alle, die gerne Informationen \u00fcber italienische Mods bekommen m\u00f6chten.<\/p>\n<\/p><\/div>\n<\/p><\/div>\n<div class=\"community-item\">\n<div class=\"community-logo\">\n      <img decoding=\"async\" src=\"https:\/\/www.transportfever2.com\/wp-content\/uploads\/2021\/09\/fancommunity_australia.png\"\/><\/p>\n<p class=\"community-links\">\n        <a href=\"https:\/\/discord.gg\/YGqVbMVuYB\" target=\"_blank\" rel=\"noopener noreferrer\" title=\"Discordserver of Transport Fever Australia\"><i class=\"fab fa-discord\"><\/i><\/a>\n      <\/p>\n<\/p><\/div>\n<div class=\"community-desc\">\n<p><b>Transport Fever Australia<\/b><\/p>\n<p>Wer sich f\u00fcr Australien interessiert oder auf Linux spielt, ist auf diesem Discordserver genau richtig.<\/p>\n<\/p><\/div>\n<\/p><\/div>\n<div class=\"community-item\">\n<div class=\"community-logo\">\n      <img decoding=\"async\" src=\"https:\/\/www.transportfever2.com\/wp-content\/uploads\/2021\/03\/fancommunity_goodshepherd.png\"\/><\/p>\n<p class=\"community-links\">\n        <a href=\"https:\/\/discord.com\/invite\/goodshepherdgames\" target=\"_blank\" rel=\"noopener noreferrer\" title=\"Discordserver of Good Shepherd\"><i class=\"fab fa-discord\"><\/i><\/a>\n      <\/p>\n<\/p><\/div>\n<div class=\"community-desc\">\n<p><b>Good Shepherd<\/b><\/p>\n<p>Neben einigen anderen Spielen gibt es auf dem Discordserver von Good Shepherd auch eine Ecke f\u00fcr Transport Fever.<\/p>\n<\/p><\/div>\n<\/p><\/div>\n<\/div>\n<p>Eine Fanseite zu Train Fever, Transport Fever oder Transport Fever 2 fehlt in der Liste? <a href=\"\/de\/about\/contact\/\">Sage uns Bescheid!<\/a><\/p>\n<\/div>\n<p><\/p>","protected":false},"excerpt":{"rendered":"<p>Fan Communities Trete einer der engagierten Fan Communities von Train Fever, Transport Fever und Transport Fever 2 bei: tpf|net Deutsche Community mit Forum, Galerie und umfangreicher Downloadsektion f\u00fcr Transport Fever. Modwerkstatt Community mit Fokus auf das Modden und Downloadangebot von Fahrzeugen und Assets aus Deutschland. Transport Fever VK|RU Internationale Community f\u00fcr alle, die gerne Screenshots [&hellip;]<\/p>\n","protected":false},"author":16,"featured_media":4831,"parent":85,"menu_order":0,"comment_status":"closed","ping_status":"closed","template":"","meta":{"ngg_post_thumbnail":0,"footnotes":""},"class_list":["post-5454","page","type-page","status-publish","has-post-thumbnail","hentry","post","post-with-thumbnail","post-with-thumbnail-large"],"_links":{"self":[{"href":"https:\/\/www.transportfever2.com\/de\/wp-json\/wp\/v2\/pages\/5454","targetHints":{"allow":["GET"]}}],"collection":[{"href":"https:\/\/www.transportfever2.com\/de\/wp-json\/wp\/v2\/pages"}],"about":[{"href":"https:\/\/www.transportfever2.com\/de\/wp-json\/wp\/v2\/types\/page"}],"author":[{"embeddable":true,"href":"https:\/\/www.transportfever2.com\/de\/wp-json\/wp\/v2\/users\/16"}],"replies":[{"embeddable":true,"href":"https:\/\/www.transportfever2.com\/de\/wp-json\/wp\/v2\/comments?post=5454"}],"version-history":[{"count":2,"href":"https:\/\/www.transportfever2.com\/de\/wp-json\/wp\/v2\/pages\/5454\/revisions"}],"predecessor-version":[{"id":7238,"href":"https:\/\/www.transportfever2.com\/de\/wp-json\/wp\/v2\/pages\/5454\/revisions\/7238"}],"up":[{"embeddable":true,"href":"https:\/\/www.transportfever2.com\/de\/wp-json\/wp\/v2\/pages\/85"}],"wp:featuredmedia":[{"embeddable":true,"href":"https:\/\/www.transportfever2.com\/de\/wp-json\/wp\/v2\/media\/4831"}],"wp:attachment":[{"href":"https:\/\/www.transportfever2.com\/de\/wp-json\/wp\/v2\/media?parent=5454"}],"curies":[{"name":"wp","href":"https:\/\/api.w.org\/{rel}","templated":true}]}}