{"id":7121,"date":"2025-04-21T16:04:13","date_gmt":"2025-04-21T14:04:13","guid":{"rendered":"https:\/\/www.transportfever2.com\/?page_id=7121"},"modified":"2025-04-21T19:45:19","modified_gmt":"2025-04-21T17:45:19","slug":"mod-contest-winner-overview","status":"publish","type":"page","link":"https:\/\/www.transportfever2.com\/de\/mod-contest-winner-overview\/","title":{"rendered":"\u00dcbersicht Modding-Wettbewerb-Gewinner"},"content":{"rendered":"<p><\/p>\n<h3 class=\"static-page\">\u00dcbersicht Modding-Wettbewerb-Gewinner<\/h3>\n<p>Die Ergebnisse stehen fest! Nach einem Monat voller kreativer H\u00f6chstleistungen ist der Modding-Wettbewerb 2025 abgeschlossen \u2013 und die Gewinner stehen fest. Die vollst\u00e4ndige \u00dcbersicht findet ihr auf dieser Seite und wir freuen uns bereits sehr darauf, die Gewinner der Fahrzeug- und Geb\u00e4udekategorie bald bei uns im B\u00fcro begr\u00fcssen zu d\u00fcrfen.<\/p>\n<p>Der Wettbewerb umfasste drei spannende Kategorien: Fahrzeuge, Geb\u00e4ude und Repaints (Lackierungen).<\/p>\n<h2>FAHRZEUGE<\/h2>\n<p><strong>Gewinner:<\/strong><br \/> Unsere Wahl in der Fahrzeug-Kategorie fiel auf die beeindruckende <a href=\"https:\/\/mod.io\/g\/transportfever2\/m\/renfe-242f-2000-confederation#description\">Renfe 242F-2009 Confederation<\/a> von Jorge-NB96. Dieses Modell ist nicht nur eine detailgetreue Nachbildung einer der letzten Generationen spanischer Dampflokomotiven \u2013 und der schnellsten ihrer Art \u2013, sondern \u00fcberzeugt vor allem durch die exzellente Texturierung und eine markante Farbgebung. Man meint f\u00f6rmlich, das \u00d6l riechen und den Schmutz f\u00fchlen zu k\u00f6nnen, der sich an der Maschine angesammelt hat. Einfach fantastisch.<\/p>\n<p> <img loading=\"lazy\" decoding=\"async\" src=\"https:\/\/www.transportfever2.com\/wp-content\/uploads\/2025\/04\/Winner-vehicle.png\" alt=\"\" width=\"1020\" height=\"574\" class=\"aligncenter size-full wp-image-7071\" srcset=\"https:\/\/www.transportfever2.com\/wp-content\/uploads\/2025\/04\/Winner-vehicle.png 1020w, https:\/\/www.transportfever2.com\/wp-content\/uploads\/2025\/04\/Winner-vehicle-300x169.png 300w, https:\/\/www.transportfever2.com\/wp-content\/uploads\/2025\/04\/Winner-vehicle-768x432.png 768w\" sizes=\"auto, (max-width: 1020px) 100vw, 1020px\" \/> <\/p>\n<p><strong>Zweiter Platz:<\/strong><br \/> F\u00fcr alle, die lieber mit modernen Z\u00fcgen unterwegs sind, geht der zweite Platz \u2013 erneut \u2013 nach Spanien: Der <a href=\"https:\/\/mod.io\/g\/transportfever2\/m\/flirt-140-4530#description\">Stadler FLIRT 140\/453<\/a> von Rodrigozamoranofenoy ist eine hervorragende Umsetzung dieses zeitgem\u00e4\u00dfen Nahverkehrszugs, inklusive automatischer T\u00fcren und Rampen. Die moderne Lackierung rundet das Gesamtbild perfekt ab.<\/p>\n<p> <img loading=\"lazy\" decoding=\"async\" src=\"https:\/\/www.transportfever2.com\/wp-content\/uploads\/2025\/04\/2nd-vehicles.jpg\" alt=\"\" width=\"1020\" height=\"573\" class=\"aligncenter size-full wp-image-7087\" srcset=\"https:\/\/www.transportfever2.com\/wp-content\/uploads\/2025\/04\/2nd-vehicles.jpg 1020w, https:\/\/www.transportfever2.com\/wp-content\/uploads\/2025\/04\/2nd-vehicles-300x169.jpg 300w, https:\/\/www.transportfever2.com\/wp-content\/uploads\/2025\/04\/2nd-vehicles-768x431.jpg 768w\" sizes=\"auto, (max-width: 1020px) 100vw, 1020px\" \/> <\/p>\n<p><strong>Dritter Platz:<\/strong><br \/> F\u00fcr den dritten Platz heben wir ab \u2013 mit der <a href=\"https:\/\/mod.io\/g\/transportfever2\/m\/beechcraft-2000-starship#description\">Beechcraft 2000 Starship<\/a> von DH-106. Obwohl nur wenige Exemplare dieses eleganten Business-Jets jemals gebaut wurden, eignet er sich hervorragend dazu, eure VIP-Passagiere stilvoll \u00fcber die Karte zu fliegen.<\/p>\n<p> <img loading=\"lazy\" decoding=\"async\" src=\"https:\/\/www.transportfever2.com\/wp-content\/uploads\/2025\/04\/3rd-vehicles-1.jpg\" alt=\"\" width=\"1020\" height=\"573\" class=\"aligncenter size-full wp-image-7089\" srcset=\"https:\/\/www.transportfever2.com\/wp-content\/uploads\/2025\/04\/3rd-vehicles-1.jpg 1020w, https:\/\/www.transportfever2.com\/wp-content\/uploads\/2025\/04\/3rd-vehicles-1-300x169.jpg 300w, https:\/\/www.transportfever2.com\/wp-content\/uploads\/2025\/04\/3rd-vehicles-1-768x431.jpg 768w\" sizes=\"auto, (max-width: 1020px) 100vw, 1020px\" \/> <\/p>\n<h2>GEB\u00c4UDE<\/h2>\n<p><strong>Gewinner:<\/strong><br \/> Die Auswahl in der Geb\u00e4ude-Kategorie war besonders vielf\u00e4ltig, doch am Ende \u00fcberzeugte uns der <a href=\"https:\/\/mod.io\/g\/transportfever2\/m\/container-port#description\">Containerhafen<\/a> von Maverick2002. Der vollanimierte Hafen bietet stundenlanges Zuschauen beim Be- und Entladen von Containern \u2013 ein faszinierendes Schauspiel. Hinzu kommt die nahtlose Integration eines funktionsf\u00e4higen Bahnhofs und Depots, wodurch G\u00fcter effizient direkt ans Wasser transportiert werden k\u00f6nnen. Eine gelungene Symbiose aus \u00c4sthetik und Funktionalit\u00e4t \u2013 ein w\u00fcrdiger Gewinner.<\/p>\n<p> <img loading=\"lazy\" decoding=\"async\" src=\"https:\/\/www.transportfever2.com\/wp-content\/uploads\/2025\/04\/Winner-buildings.jpg\" alt=\"\" width=\"1020\" height=\"573\" class=\"aligncenter size-full wp-image-7072\" srcset=\"https:\/\/www.transportfever2.com\/wp-content\/uploads\/2025\/04\/Winner-buildings.jpg 1020w, https:\/\/www.transportfever2.com\/wp-content\/uploads\/2025\/04\/Winner-buildings-300x169.jpg 300w, https:\/\/www.transportfever2.com\/wp-content\/uploads\/2025\/04\/Winner-buildings-768x431.jpg 768w\" sizes=\"auto, (max-width: 1020px) 100vw, 1020px\" \/> <\/p>\n<p><strong>Zweiter Platz:<\/strong><br \/> Platz zwei geht an den flei\u00dfigen Szenenbauer Ingo f\u00fcr das <a href=\"https:\/\/mod.io\/g\/transportfever2\/m\/ingos-observatory#description\">Observatorium<\/a>. Dieses hochgradig anpassbare Asset erlaubt euch, ein eigenes astronomisches Zentrum zu gestalten \u2013 inklusive animierter Teleskopkuppel und Parabolantenne. Ein Muss f\u00fcr alle, die wissenschaftliche Komplexe lieben!<\/p>\n<p> <img loading=\"lazy\" decoding=\"async\" src=\"https:\/\/www.transportfever2.com\/wp-content\/uploads\/2025\/04\/2nd-buildings.jpg\" alt=\"\" width=\"1920\" height=\"1080\" class=\"aligncenter size-full wp-image-7091\" srcset=\"https:\/\/www.transportfever2.com\/wp-content\/uploads\/2025\/04\/2nd-buildings.jpg 1920w, https:\/\/www.transportfever2.com\/wp-content\/uploads\/2025\/04\/2nd-buildings-300x169.jpg 300w, https:\/\/www.transportfever2.com\/wp-content\/uploads\/2025\/04\/2nd-buildings-1024x576.jpg 1024w, https:\/\/www.transportfever2.com\/wp-content\/uploads\/2025\/04\/2nd-buildings-768x432.jpg 768w, https:\/\/www.transportfever2.com\/wp-content\/uploads\/2025\/04\/2nd-buildings-1536x864.jpg 1536w\" sizes=\"auto, (max-width: 1920px) 100vw, 1920px\" \/> <\/p>\n<p><strong>Dritter Platz:<\/strong><br \/> Den dritten Platz belegt ein wahres Wahrzeichen f\u00fcr eure St\u00e4dte: der <a href=\"https:\/\/mod.io\/g\/transportfever2\/m\/new-world-skyscraper#description\">New World Skyscraper<\/a> von Nordor. Dieses imposante Glasgeb\u00e4ude ragt eindrucksvoll in den Himmel und zieht alle Blicke auf sich \u2013 perfekt f\u00fcr das Herz eines modernen Business-Distrikts.<\/p>\n<p> <img loading=\"lazy\" decoding=\"async\" src=\"https:\/\/www.transportfever2.com\/wp-content\/uploads\/2025\/04\/3rd-building.jpg\" alt=\"\" width=\"1020\" height=\"573\" class=\"aligncenter size-full wp-image-7092\" srcset=\"https:\/\/www.transportfever2.com\/wp-content\/uploads\/2025\/04\/3rd-building.jpg 1020w, https:\/\/www.transportfever2.com\/wp-content\/uploads\/2025\/04\/3rd-building-300x169.jpg 300w, https:\/\/www.transportfever2.com\/wp-content\/uploads\/2025\/04\/3rd-building-768x431.jpg 768w\" sizes=\"auto, (max-width: 1020px) 100vw, 1020px\" \/> <\/p>\n<h2>REPAINTS<\/h2>\n<p><strong>Gewinner:<\/strong><br \/> Unser Favorit unter den Lackierungen ist der <a href=\"https:\/\/mod.io\/g\/transportfever2\/m\/ford-model-77-bakery-delivery-truck#description\">Ford Model 77 B\u00e4ckerei-Lieferwagen<\/a> von 97Hummer. Das klare Design in Kombination mit der markanten Creme-Karminrot-Farbgebung macht dieses Fahrzeug zu einem echten Blickfang \u2013 jedes Mal, wenn es durch die Stadt rollt, zaubert es ein L\u00e4cheln aufs Gesicht.<\/p>\n<p> <img loading=\"lazy\" decoding=\"async\" src=\"https:\/\/www.transportfever2.com\/wp-content\/uploads\/2025\/04\/Winner-repaint.jpg\" alt=\"\" width=\"1020\" height=\"573\" class=\"aligncenter size-full wp-image-7073\" srcset=\"https:\/\/www.transportfever2.com\/wp-content\/uploads\/2025\/04\/Winner-repaint.jpg 1020w, https:\/\/www.transportfever2.com\/wp-content\/uploads\/2025\/04\/Winner-repaint-300x169.jpg 300w, https:\/\/www.transportfever2.com\/wp-content\/uploads\/2025\/04\/Winner-repaint-768x431.jpg 768w\" sizes=\"auto, (max-width: 1020px) 100vw, 1020px\" \/> <\/p>\n<p><strong>Zweiter Platz:<\/strong><br \/> Der zweite Platz geht an die <a href=\"https:\/\/mod.io\/g\/transportfever2\/m\/twindexx-railjet#description\">Bombardier TWINDEXX Railjet<\/a>-Lackierung von SpaceMonkey41. Die Umsetzung besticht durch ihre originalgetreue Darstellung samt detaillierter Symbolik. Besonders das leuchtende Rot l\u00e4sst den Zug im Spiel sofort ins Auge stechen.<\/p>\n<p> <img loading=\"lazy\" decoding=\"async\" src=\"https:\/\/www.transportfever2.com\/wp-content\/uploads\/2025\/04\/2nd-repaint.jpg\" alt=\"\" width=\"1020\" height=\"573\" class=\"aligncenter size-full wp-image-7094\" srcset=\"https:\/\/www.transportfever2.com\/wp-content\/uploads\/2025\/04\/2nd-repaint.jpg 1020w, https:\/\/www.transportfever2.com\/wp-content\/uploads\/2025\/04\/2nd-repaint-300x169.jpg 300w, https:\/\/www.transportfever2.com\/wp-content\/uploads\/2025\/04\/2nd-repaint-768x431.jpg 768w\" sizes=\"auto, (max-width: 1020px) 100vw, 1020px\" \/> <\/p>\n<p><strong>Dritter Platz:<\/strong><br \/> Der letzte Gewinner im Wettbewerb ist die <a href=\"https:\/\/mod.io\/g\/transportfever2\/m\/br-218-pull#description\">BR 218 PULL<\/a>-Variante von Chill_LP. Die kreative Umgestaltung der Logos verleiht dieser klassischen Diesellok ein frisches Aussehen \u2013 eine stimmige Hommage mit modernem Flair.<\/p>\n<p> <img loading=\"lazy\" decoding=\"async\" src=\"https:\/\/www.transportfever2.com\/wp-content\/uploads\/2025\/04\/3rd-repaint.jpg\" alt=\"\" width=\"1020\" height=\"573\" class=\"aligncenter size-full wp-image-7095\" srcset=\"https:\/\/www.transportfever2.com\/wp-content\/uploads\/2025\/04\/3rd-repaint.jpg 1020w, https:\/\/www.transportfever2.com\/wp-content\/uploads\/2025\/04\/3rd-repaint-300x169.jpg 300w, https:\/\/www.transportfever2.com\/wp-content\/uploads\/2025\/04\/3rd-repaint-768x431.jpg 768w\" sizes=\"auto, (max-width: 1020px) 100vw, 1020px\" \/><\/p>","protected":false},"excerpt":{"rendered":"<p>\u00dcbersicht Modding-Wettbewerb-Gewinner Die Ergebnisse stehen fest! Nach einem Monat voller kreativer H\u00f6chstleistungen ist der Modding-Wettbewerb 2025 abgeschlossen \u2013 und die Gewinner stehen fest. Die vollst\u00e4ndige \u00dcbersicht findet ihr auf dieser Seite und wir freuen uns bereits sehr darauf, die Gewinner der Fahrzeug- und Geb\u00e4udekategorie bald bei uns im B\u00fcro begr\u00fcssen zu d\u00fcrfen. Der Wettbewerb umfasste [&hellip;]<\/p>\n","protected":false},"author":14,"featured_media":7082,"parent":0,"menu_order":0,"comment_status":"closed","ping_status":"closed","template":"","meta":{"ngg_post_thumbnail":0,"footnotes":""},"class_list":["post-7121","page","type-page","status-publish","has-post-thumbnail","hentry","post","post-with-thumbnail","post-with-thumbnail-large"],"_links":{"self":[{"href":"https:\/\/www.transportfever2.com\/de\/wp-json\/wp\/v2\/pages\/7121","targetHints":{"allow":["GET"]}}],"collection":[{"href":"https:\/\/www.transportfever2.com\/de\/wp-json\/wp\/v2\/pages"}],"about":[{"href":"https:\/\/www.transportfever2.com\/de\/wp-json\/wp\/v2\/types\/page"}],"author":[{"embeddable":true,"href":"https:\/\/www.transportfever2.com\/de\/wp-json\/wp\/v2\/users\/14"}],"replies":[{"embeddable":true,"href":"https:\/\/www.transportfever2.com\/de\/wp-json\/wp\/v2\/comments?post=7121"}],"version-history":[{"count":0,"href":"https:\/\/www.transportfever2.com\/de\/wp-json\/wp\/v2\/pages\/7121\/revisions"}],"wp:featuredmedia":[{"embeddable":true,"href":"https:\/\/www.transportfever2.com\/de\/wp-json\/wp\/v2\/media\/7082"}],"wp:attachment":[{"href":"https:\/\/www.transportfever2.com\/de\/wp-json\/wp\/v2\/media?parent=7121"}],"curies":[{"name":"wp","href":"https:\/\/api.w.org\/{rel}","templated":true}]}}